{"id":1644,"date":"2016-02-29T18:19:35","date_gmt":"2016-02-29T17:19:35","guid":{"rendered":"https:\/\/www.gesoriaportaferrada.com\/info\/?page_id=1644"},"modified":"2026-03-28T11:42:15","modified_gmt":"2026-03-28T10:42:15","slug":"avis-legal","status":"publish","type":"page","link":"https:\/\/www.gesoriaportaferrada.com\/de\/avis-legal\/","title":{"rendered":"Av\u00eds legal"},"content":{"rendered":"<div data-elementor-type=\"wp-page\" data-elementor-id=\"1644\" class=\"elementor elementor-1644\" data-elementor-post-type=\"page\">\n\t\t\t\t<div class=\"elementor-element elementor-element-09f2c01 e-con-full e-flex e-con e-parent\" data-id=\"09f2c01\" data-element_type=\"container\" data-e-type=\"container\" data-settings=\"{&quot;background_background&quot;:&quot;classic&quot;}\">\n\t\t\t\t<div class=\"elementor-element elementor-element-ef876eb elementor-widget elementor-widget-heading\" data-id=\"ef876eb\" data-element_type=\"widget\" data-e-type=\"widget\" data-widget_type=\"heading.default\">\n\t\t\t\t\t<h1 class=\"elementor-heading-title elementor-size-default\">Av\u00eds legal<\/h1>\t\t\t\t<\/div>\n\t\t\t\t<\/div>\n\t\t<div class=\"elementor-element elementor-element-47730b0c e-flex e-con-boxed e-con e-parent\" data-id=\"47730b0c\" data-element_type=\"container\" data-e-type=\"container\">\n\t\t\t\t\t<div class=\"e-con-inner\">\n\t\t\t\t<div class=\"elementor-element elementor-element-512d34b elementor-widget elementor-widget-text-editor\" data-id=\"512d34b\" data-element_type=\"widget\" data-e-type=\"widget\" data-widget_type=\"text-editor.default\">\n\t\t\t\t\t\t\t\t\t<h4>Informaci\u00f3 de Conformitat amb l&#8217;article 10 de la LSSI<\/h4><h3>El titular d&#8217;aquesta web \u00e9s:<\/h3><p>Identitat: <strong>Girbau SFG C.B.<\/strong><br \/>CIF: <strong>E66531518<\/strong><br \/>Adre\u00e7a: <strong>Carrer Hospital,1. 17220 Sant Feliu de Gu\u00edxols. Girona.<br \/><\/strong>Telefon: <strong><span aria-label=\"Llamar al n\u00famero de tel\u00e9fono 972 32 72 81\">972 32 72 81<\/span><br \/><\/strong>E-mail<strong>:<\/strong> <a href=\"mailto:info@gesoriaportaferrada.com\"><strong>info@gesoriaportaferrada.com<\/strong><\/a><\/p><h3>Condicions d&#8217;\u00fas<\/h3><p style=\"text-align: justify;\">L&#8217;\u00fas d&#8217;aquest web implica l&#8217;acceptaci\u00f3 plena dels termes i condicions del present av\u00eds legal. Els possibles conflictes relatius a aquest web es regiran exclusivament pel dret de l&#8217;Estat espanyol. Tota persona usu\u00e0ria del web, independentment de la jurisdicci\u00f3 territorial des de la qual es produeixi el seu acc\u00e9s, accepta el compliment i respecte d&#8217;aquestes cl\u00e0usules amb ren\u00fancia expressa a qualsevol altre fur que li pogu\u00e9s correspondre.<\/p><h3>Propietat intel\u00b7lectual i industrial<\/h3><p style=\"text-align: justify;\">La totalitat del contingut d&#8217;aquest lloc web, ja siguin textos, imatges, sons, marques, logotips o altres elements, aix\u00ed com subestructura, disseny, combinacions de colors o forma de presentaci\u00f3 dels materials, estan protegits per drets de propietat industrial i intel\u00b7lectual que l&#8217;usuari d&#8217;aquest lloc web ha de respectar. No \u00e9s l\u00edcita la seva transformaci\u00f3 o alteraci\u00f3, comunicaci\u00f3 p\u00fablica o qualsevol altra forma d&#8217;explotaci\u00f3 per qualsevol procediment sense l&#8217;autoritzaci\u00f3 expressa de <strong>Girbau SFG C.B.<\/strong><\/p><h3>Responsabilitat sobre els continguts<\/h3><p style=\"text-align: justify;\">Encara que <strong>Girbau SFG C.B.<\/strong> actua amb la m\u00e0xima dilig\u00e8ncia possible, es pot donar el cas que alguna dada o informaci\u00f3 no estigui del tot actualitzada en el moment que l&#8217;usuari del lloc web el consulti. Per aix\u00f2, les informacions que es presenten en aquesta web tenen una funci\u00f3 orientativa i no obliguen a <strong>Girbau SFG C.B.<\/strong><\/p><p style=\"text-align: justify;\"><strong>Girbau SFG C.B.<\/strong> no ser\u00e0 responsable de la informaci\u00f3 que es pugui obtenir a trav\u00e9s d&#8217;enlla\u00e7os inclosos en la seva web.<\/p><p style=\"text-align: justify;\"><strong>Girbau SFG C.B.<\/strong> es reserva la facultat de realitzar, en qualsevol moment i sense necessitat de preav\u00eds, modificacions o actualitzacions de la informaci\u00f3 i de qualsevol dels elements que integrin el disseny i configuraci\u00f3 de la p\u00e0gina web.<\/p><h3>Llei aplicable i jurisdicci\u00f3<\/h3><p style=\"text-align: justify;\">L&#8217;\u00fas d&#8217;aquest lloc web implica l&#8217;acceptaci\u00f3 plena dels termes i condicions en el present av\u00eds legal. Els possibles conflictes relatius a aquest web es regiran exclusivament per la legislaci\u00f3 espanyola, sent competents els Jutjats i Tribunals espanyols per a con\u00e8ixer qualsevol q\u00fcesti\u00f3 que es susciti sobre ella. L&#8217;usuari, en virtut de la seva acceptaci\u00f3 ren\u00fancia expressament a qualsevol fur que per aplicaci\u00f3 de la Llei d&#8217;Enjudiciament Civil vigent li pogu\u00e9s correspondre.<\/p>\t\t\t\t\t\t\t\t<\/div>\n\t\t\t\t\t<\/div>\n\t\t\t\t<\/div>\n\t\t\t\t<\/div>","protected":false},"excerpt":{"rendered":"<p>Av\u00eds legal Informaci\u00f3 de Conformitat amb l&#8217;article 10 de la LSSI El titular d&#8217;aquesta web \u00e9s: Identitat: Girbau SFG C.B.CIF: E66531518Adre\u00e7a: Carrer Hospital,1. 17220 Sant Feliu de Gu\u00edxols. Girona.Tel\u00e8fon: 972 32 72 81Correu electr\u00f2nic: info@gesoriaportaferrada.com Condicions d&#8217;\u00fas L&#8217;\u00fas d&#8217;aquest web implica l&#8217;acceptaci\u00f3 plena dels termes i condicions del present av\u00eds legal. Els possibles conflictes relatius [&hellip;]<\/p>\n","protected":false},"author":7,"featured_media":2181,"parent":0,"menu_order":0,"comment_status":"closed","ping_status":"closed","template":"","meta":{"footnotes":""},"class_list":["post-1644","page","type-page","status-publish","has-post-thumbnail","hentry"],"_links":{"self":[{"href":"https:\/\/www.gesoriaportaferrada.com\/de\/wp-json\/wp\/v2\/pages\/1644","targetHints":{"allow":["GET"]}}],"collection":[{"href":"https:\/\/www.gesoriaportaferrada.com\/de\/wp-json\/wp\/v2\/pages"}],"about":[{"href":"https:\/\/www.gesoriaportaferrada.com\/de\/wp-json\/wp\/v2\/types\/page"}],"author":[{"embeddable":true,"href":"https:\/\/www.gesoriaportaferrada.com\/de\/wp-json\/wp\/v2\/users\/7"}],"replies":[{"embeddable":true,"href":"https:\/\/www.gesoriaportaferrada.com\/de\/wp-json\/wp\/v2\/comments?post=1644"}],"version-history":[{"count":12,"href":"https:\/\/www.gesoriaportaferrada.com\/de\/wp-json\/wp\/v2\/pages\/1644\/revisions"}],"predecessor-version":[{"id":4815,"href":"https:\/\/www.gesoriaportaferrada.com\/de\/wp-json\/wp\/v2\/pages\/1644\/revisions\/4815"}],"wp:featuredmedia":[{"embeddable":true,"href":"https:\/\/www.gesoriaportaferrada.com\/de\/wp-json\/wp\/v2\/media\/2181"}],"wp:attachment":[{"href":"https:\/\/www.gesoriaportaferrada.com\/de\/wp-json\/wp\/v2\/media?parent=1644"}],"curies":[{"name":"wp","href":"https:\/\/api.w.org\/{rel}","templated":true}]}}