{"id":700,"date":"2014-05-19T11:02:46","date_gmt":"2014-05-19T09:02:46","guid":{"rendered":"https:\/\/www.gesoriaportaferrada.com\/info\/?page_id=700"},"modified":"2026-03-28T12:47:50","modified_gmt":"2026-03-28T11:47:50","slug":"activitats-culturals","status":"publish","type":"page","link":"https:\/\/www.gesoriaportaferrada.com\/de\/activitats-culturals\/","title":{"rendered":"Kulturelle Aktivit\u00e4ten"},"content":{"rendered":"<div data-elementor-type=\"wp-post\" data-elementor-id=\"700\" class=\"elementor elementor-700\" data-elementor-post-type=\"page\">\n\t\t\t\t<div class=\"elementor-element elementor-element-0b5ebaf e-con-full e-flex e-con e-parent\" data-id=\"0b5ebaf\" data-element_type=\"container\" data-e-type=\"container\" data-settings=\"{&quot;background_background&quot;:&quot;classic&quot;}\">\n\t\t\t\t<div class=\"elementor-element elementor-element-f34f1c2 elementor-widget elementor-widget-heading\" data-id=\"f34f1c2\" data-element_type=\"widget\" data-e-type=\"widget\" data-widget_type=\"heading.default\">\n\t\t\t\t\t<h1 class=\"elementor-heading-title elementor-size-default\">Kulturelle Aktivit\u00e4ten<\/h1>\t\t\t\t<\/div>\n\t\t\t\t<\/div>\n\t\t\t\t<section class=\"elementor-section elementor-top-section elementor-element elementor-element-4582dd2 elementor-section-boxed elementor-section-height-default elementor-section-height-default\" data-id=\"4582dd2\" data-element_type=\"section\" data-e-type=\"section\">\n\t\t\t\t\t\t<div class=\"elementor-container elementor-column-gap-no\">\n\t\t\t\t\t<div class=\"elementor-column elementor-col-100 elementor-top-column elementor-element elementor-element-e22ed4f\" data-id=\"e22ed4f\" data-element_type=\"column\" data-e-type=\"column\">\n\t\t\t<div class=\"elementor-widget-wrap elementor-element-populated\">\n\t\t\t\t\t\t<div class=\"elementor-element elementor-element-46b4fa9 elementor-widget elementor-widget-zigzag\" data-id=\"46b4fa9\" data-element_type=\"widget\" data-e-type=\"widget\" data-settings=\"{&quot;image_shape&quot;:&quot;sharp&quot;}\" data-widget_type=\"zigzag.default\">\n\t\t\t\t<div class=\"elementor-widget-container\">\n\t\t\t\t\t\t\t<div class=\"ehp-zigzag has-direction-end\">\n\t\t\t\t\t\t\t<div class=\"ehp-zigzag__item-wrapper\">\n\t\t\t\t\t<div class=\"ehp-zigzag__item-container\">\n\t\t\t\t\t\t\t\t<div class=\"ehp-zigzag__graphic-element-container has-image\">\n\t\t\t\t\t\t<div class=\"ehp-image ehp-zigzag__image-container\">\n\t\t\t\t<img decoding=\"async\" class=\"ehp-image__img ehp-zigzag__img has-shape-sharp shape-type-image\" src=\"https:\/\/www.gesoriaportaferrada.com\/wp-content\/uploads\/2021\/06\/Monestir-Sant-Feliu-de-Guixols.jpg\" title=\"Monestir Sant Feliu de Gu\u00edxols\" alt=\"Monestir Sant Feliu de Gu\u00edxols\" loading=\"lazy\" \/>\t\t\t<\/div>\n\t\t\t\t\t<\/div>\n\t\t\t\t<div class=\"ehp-zigzag__text-container is-graphic-image\">\n\t\t\t<h2 class=\"ehp-zigzag__title\">Das Kloster von Sant Feliu de Gu\u00edxols<\/h2><p class=\"ehp-zigzag__description\">Die erste Dokumentation \u00fcber dieses Benediktiner-Kloster findet man in einer\u00a0Bewilligung des K\u00f6nigs Lotari\u00a0an den Abt Sunyer im Jahre 968 damit dieser\u00a0gleichzeitig das Kloster\u00a0von Sant Pol de Mar\u00a0und das Kloster\u00a0von\u00a0Sant Feliu\u00a0verwalten konnte.\n\nDer Bau besteht aus unterschiedlichen Baustilen: die Klosterkirche wurde im gotischen Still erbaut , sie besteht aus einem Kirchenschiff mit drei vieleckigen Altarnischen. Das Dach besteht aus einem Kreuzgew\u00f6lbe.\u00a0Ein Teil des Kirchenschiffs ist romanisch, mit altert\u00fcmlichen Gew\u00f6lben.\n\nDie mittelalterliche Stadtmauer hat einen romanischen Stil, sie ist zum Teil restauriert, dazu geh\u00f6ren zwei r\u00f6mische T\u00fcrme, der quadratische Turmstumpf Corn und der halbrunde Torre del Fum.<\/p>\t\t<\/div>\n\t\t\t\t\t\t\t<\/div>\n\t\t\t\t<\/div>\n\t\t\t\t\t\t\t\t<div class=\"ehp-zigzag__item-wrapper\">\n\t\t\t\t\t<div class=\"ehp-zigzag__item-container\">\n\t\t\t\t\t\t\t\t<div class=\"ehp-zigzag__graphic-element-container has-image\">\n\t\t\t\t\t\t<div class=\"ehp-image ehp-zigzag__image-container ehp-image ehp-zigzag__image-container\">\n\t\t\t\t<img decoding=\"async\" class=\"ehp-image__img ehp-zigzag__img has-shape-sharp shape-type-image\" src=\"https:\/\/www.gesoriaportaferrada.com\/wp-content\/uploads\/2019\/06\/Pedralta.jpg\" title=\"Pedralta | Hotel Ges\u00f2ria Porta Ferrada\" alt=\"Pedralta | Hotel Ges\u00f2ria Porta Ferrada\" loading=\"lazy\" \/>\t\t\t<\/div>\n\t\t\t\t\t<\/div>\n\t\t\t\t<div class=\"ehp-zigzag__text-container is-graphic-image\">\n\t\t\t<h2 class=\"ehp-zigzag__title\">Pedralta<\/h2><p class=\"ehp-zigzag__description\">Der Pedralta ist der gr\u00f6\u00dfte Wackelstein aus Granit Europas und steht zwischen den Gemeinden Santa Cristina d\u2019Aro und Sant Feliu de Gu\u00edxols.<\/p>\t\t<\/div>\n\t\t\t\t\t\t\t<\/div>\n\t\t\t\t<\/div>\n\t\t\t\t\t\t\t\t<div class=\"ehp-zigzag__item-wrapper\">\n\t\t\t\t\t<div class=\"ehp-zigzag__item-container\">\n\t\t\t\t\t\t\t\t<div class=\"ehp-zigzag__graphic-element-container has-image\">\n\t\t\t\t\t\t<div class=\"ehp-image ehp-zigzag__image-container ehp-image ehp-zigzag__image-container ehp-image ehp-zigzag__image-container\">\n\t\t\t\t<img decoding=\"async\" class=\"ehp-image__img ehp-zigzag__img has-shape-sharp shape-type-image\" src=\"https:\/\/www.gesoriaportaferrada.com\/wp-content\/uploads\/2019\/06\/Passeig-mar\u00edtim-Sant-Feliu-de-Gu\u00edxols.jpg\" title=\"Passeig mar\u00edtim Sant Feliu de Gu\u00edxols | Hotel Ges\u00f2ria Porta Ferrada\" alt=\"Passeig mar\u00edtim Sant Feliu de Gu\u00edxols | Hotel Ges\u00f2ria Porta Ferrada\" loading=\"lazy\" \/>\t\t\t<\/div>\n\t\t\t\t\t<\/div>\n\t\t\t\t<div class=\"ehp-zigzag__text-container is-graphic-image\">\n\t\t\t<h2 class=\"ehp-zigzag__title\">Strandpromenade<\/h2><p class=\"ehp-zigzag__description\">Wurde 1833 unter Beteiligung der B\u00fcrger zwischen der mittelalterlichen Altstadt und dem Strand gebaut. Langsam entwickelte sich dieser Bereich zur Strandpromenade ges\u00e4umt von B\u00e4umen und Herrensitzen die, die mittelalterlichen Fischerh\u00e4user ersetzten.<\/p>\t\t<div class=\"ehp-zigzag__button-container\">\n\t\t\t<a class=\"ehp-button ehp-button--primary ehp-zigzag__button ehp-zigzag__button--primary is-type-link\">\n\t\t\t\t<span class=\"ehp-zigzag__button-text\">Learn More<\/span>\t\t\t\t\t<\/a>\n\t\t<\/div>\n\t\t\t\t<\/div>\n\t\t\t\t\t\t\t<\/div>\n\t\t\t\t<\/div>\n\t\t\t\t\t\t\t\t<div class=\"ehp-zigzag__item-wrapper\">\n\t\t\t\t\t<div class=\"ehp-zigzag__item-container\">\n\t\t\t\t\t\t\t\t<div class=\"ehp-zigzag__graphic-element-container has-image\">\n\t\t\t\t\t\t<div class=\"ehp-image ehp-zigzag__image-container ehp-image ehp-zigzag__image-container ehp-image ehp-zigzag__image-container ehp-image ehp-zigzag__image-container\">\n\t\t\t\t<img decoding=\"async\" class=\"ehp-image__img ehp-zigzag__img has-shape-sharp shape-type-image\" src=\"https:\/\/www.gesoriaportaferrada.com\/wp-content\/uploads\/2019\/06\/Casino-La-Constancia.jpg\" title=\"Casino La Constancia | Hotel Ges\u00f2ria Porta Ferrada\" alt=\"Casino La Constancia | Hotel Ges\u00f2ria Porta Ferrada\" loading=\"lazy\" \/>\t\t\t<\/div>\n\t\t\t\t\t<\/div>\n\t\t\t\t<div class=\"ehp-zigzag__text-container is-graphic-image\">\n\t\t\t<h2 class=\"ehp-zigzag__title\">Casino La Constancia<\/h2><p class=\"ehp-zigzag__description\">Eines der sch\u00f6nsten Jugendstil-Geb\u00e4ude der Stadt ist das von General Guitart erbaute Casino del Nois, das auch im 21. Jahrhundert noch als Spielkasino genutzt wird. Neben dieser Funktion dient das Areal rund um das Kasino als Treffpunkt f\u00fcr die Stadtbev\u00f6lkerung.<\/p>\t\t<div class=\"ehp-zigzag__button-container ehp-zigzag__button-container\">\n\t\t\t<a class=\"ehp-button ehp-button--primary ehp-zigzag__button ehp-zigzag__button--primary is-type-link\">\n\t\t\t\t<span class=\"ehp-zigzag__button-text\">Learn More<\/span>\t\t\t\t\t<\/a>\n\t\t<\/div>\n\t\t\t\t<\/div>\n\t\t\t\t\t\t\t<\/div>\n\t\t\t\t<\/div>\n\t\t\t\t\t\t\t\t<div class=\"ehp-zigzag__item-wrapper\">\n\t\t\t\t\t<div class=\"ehp-zigzag__item-container\">\n\t\t\t\t\t\t\t\t<div class=\"ehp-zigzag__graphic-element-container has-image\">\n\t\t\t\t\t\t<div class=\"ehp-image ehp-zigzag__image-container ehp-image ehp-zigzag__image-container ehp-image ehp-zigzag__image-container ehp-image ehp-zigzag__image-container ehp-image ehp-zigzag__image-container\">\n\t\t\t\t<img decoding=\"async\" class=\"ehp-image__img ehp-zigzag__img has-shape-sharp shape-type-image\" src=\"https:\/\/www.gesoriaportaferrada.com\/wp-content\/uploads\/2019\/06\/Casa-Patxot.jpg\" title=\"Casa Patxot | Hotel Ges\u00f2ria Porta Ferrada\" alt=\"Casa Patxot | Hotel Ges\u00f2ria Porta Ferrada\" loading=\"lazy\" \/>\t\t\t<\/div>\n\t\t\t\t\t<\/div>\n\t\t\t\t<div class=\"ehp-zigzag__text-container is-graphic-image\">\n\t\t\t<h2 class=\"ehp-zigzag__title\">La casa Patxot<\/h2><p class=\"ehp-zigzag__description\">Die Jugendstillvilla an der Promenade 40 lie\u00df sich der Korkunternehmer Rafael Patxot in den Jahren 1917 bis 1920 durch den Architekten Alber Juan i Torner erbauen.\nHierbei handelt es sich um eines der best erhaltenen Herrensitze in der Stadt. Zu Lebzeiten unterhielt Paxtrot dort eine astronomische Beobachtungsstation.\nDas Geb\u00e4ude ist heute Sitz der \u00f6rtlichen Industrie- und Handelskammer von Sant Feliu de Gu\u00edxols.<\/p>\t\t<div class=\"ehp-zigzag__button-container ehp-zigzag__button-container ehp-zigzag__button-container\">\n\t\t\t<a class=\"ehp-button ehp-button--primary ehp-zigzag__button ehp-zigzag__button--primary is-type-link\">\n\t\t\t\t<span class=\"ehp-zigzag__button-text\">Learn More<\/span>\t\t\t\t\t<\/a>\n\t\t<\/div>\n\t\t\t\t<\/div>\n\t\t\t\t\t\t\t<\/div>\n\t\t\t\t<\/div>\n\t\t\t\t\t\t\t\t<div class=\"ehp-zigzag__item-wrapper\">\n\t\t\t\t\t<div class=\"ehp-zigzag__item-container\">\n\t\t\t\t\t\t\t\t<div class=\"ehp-zigzag__graphic-element-container has-image\">\n\t\t\t\t\t\t<div class=\"ehp-image ehp-zigzag__image-container ehp-image ehp-zigzag__image-container ehp-image ehp-zigzag__image-container ehp-image ehp-zigzag__image-container ehp-image ehp-zigzag__image-container ehp-image ehp-zigzag__image-container\">\n\t\t\t\t<img decoding=\"async\" class=\"ehp-image__img ehp-zigzag__img has-shape-sharp shape-type-image\" src=\"https:\/\/www.gesoriaportaferrada.com\/wp-content\/uploads\/2019\/06\/El-Salvament.jpg\" title=\"El Salvament | Hotel Ges\u00f2ria Porta Ferrada\" alt=\"El Salvament | Hotel Ges\u00f2ria Porta Ferrada\" loading=\"lazy\" \/>\t\t\t<\/div>\n\t\t\t\t\t<\/div>\n\t\t\t\t<div class=\"ehp-zigzag__text-container is-graphic-image\">\n\t\t\t<h2 class=\"ehp-zigzag__title\">El Salvament<\/h2><p class=\"ehp-zigzag__description\">Es ist eine alte Schiffswrack-Rettungsstation im Hafen von Sant Feliu de Gu\u00edxols. Es wurde im 19. Jahrhundert erbaut und ist als Kulturgut von lokalem Interesse gesch\u00fctzt. Derzeit wird es als Museum f\u00fcr Seerettung gebaut.<\/p>\t\t<div class=\"ehp-zigzag__button-container ehp-zigzag__button-container ehp-zigzag__button-container ehp-zigzag__button-container\">\n\t\t\t<a class=\"ehp-button ehp-button--primary ehp-zigzag__button ehp-zigzag__button--primary is-type-link\">\n\t\t\t\t<span class=\"ehp-zigzag__button-text\">Learn More<\/span>\t\t\t\t\t<\/a>\n\t\t<\/div>\n\t\t\t\t<\/div>\n\t\t\t\t\t\t\t<\/div>\n\t\t\t\t<\/div>\n\t\t\t\t\t\t\t\t<div class=\"ehp-zigzag__item-wrapper\">\n\t\t\t\t\t<div class=\"ehp-zigzag__item-container\">\n\t\t\t\t\t\t\t\t<div class=\"ehp-zigzag__graphic-element-container has-image\">\n\t\t\t\t\t\t<div class=\"ehp-image ehp-zigzag__image-container ehp-image ehp-zigzag__image-container ehp-image ehp-zigzag__image-container ehp-image ehp-zigzag__image-container ehp-image ehp-zigzag__image-container ehp-image ehp-zigzag__image-container ehp-image ehp-zigzag__image-container\">\n\t\t\t\t<img decoding=\"async\" class=\"ehp-image__img ehp-zigzag__img has-shape-sharp shape-type-image\" src=\"https:\/\/www.gesoriaportaferrada.com\/wp-content\/uploads\/2019\/06\/Ajuntament.jpg\" title=\"Ajuntament | Hotel Ges\u00f2ria Porta Ferrada\" alt=\"Ajuntament | Hotel Ges\u00f2ria Porta Ferrada\" loading=\"lazy\" \/>\t\t\t<\/div>\n\t\t\t\t\t<\/div>\n\t\t\t\t<div class=\"ehp-zigzag__text-container is-graphic-image\">\n\t\t\t<h2 class=\"ehp-zigzag__title\">Das Rathaus<\/h2><p class=\"ehp-zigzag__description\">Wurde 1547 im gotischen Renaissance Still mit \u00fcberladenden Formen erbaut. Das Geb\u00e4ude hat alle Kriegswirren und Bauspekulationen \u00fcberstanden. Dem Geb\u00e4ude wurde 1847 ein Turm aufgesetzt, und es fand eine weitere Bauerweiterung nach 1940 und 1950 statt.<\/p>\t\t<div class=\"ehp-zigzag__button-container ehp-zigzag__button-container ehp-zigzag__button-container ehp-zigzag__button-container ehp-zigzag__button-container\">\n\t\t\t<a class=\"ehp-button ehp-button--primary ehp-zigzag__button ehp-zigzag__button--primary is-type-link\">\n\t\t\t\t<span class=\"ehp-zigzag__button-text\">Learn More<\/span>\t\t\t\t\t<\/a>\n\t\t<\/div>\n\t\t\t\t<\/div>\n\t\t\t\t\t\t\t<\/div>\n\t\t\t\t<\/div>\n\t\t\t\t\t\t\t\t<div class=\"ehp-zigzag__item-wrapper\">\n\t\t\t\t\t<div class=\"ehp-zigzag__item-container\">\n\t\t\t\t\t\t\t\t<div class=\"ehp-zigzag__graphic-element-container has-image\">\n\t\t\t\t\t\t<div class=\"ehp-image ehp-zigzag__image-container ehp-image ehp-zigzag__image-container ehp-image ehp-zigzag__image-container ehp-image ehp-zigzag__image-container ehp-image ehp-zigzag__image-container ehp-image ehp-zigzag__image-container ehp-image ehp-zigzag__image-container ehp-image ehp-zigzag__image-container\">\n\t\t\t\t<img decoding=\"async\" class=\"ehp-image__img ehp-zigzag__img has-shape-sharp shape-type-image\" src=\"https:\/\/www.gesoriaportaferrada.com\/wp-content\/uploads\/2019\/06\/Espai-Carmen-Thyssen.jpg\" title=\"Espai Carmen Thyssen | Hotel Ges\u00f2ria Porta Ferrada\" alt=\"Espai Carmen Thyssen | Hotel Ges\u00f2ria Porta Ferrada\" loading=\"lazy\" \/>\t\t\t<\/div>\n\t\t\t\t\t<\/div>\n\t\t\t\t<div class=\"ehp-zigzag__text-container is-graphic-image\">\n\t\t\t<h2 class=\"ehp-zigzag__title\">Carmen Thyssen Weltraum<\/h2><p class=\"ehp-zigzag__description\">Der Raum Carmen Thyssen vereint den Willen der Stadtverwaltung und von Carmen Thyssen-Bornemisza, Sant Feliu de Gu\u00edxols einen Raum zur Ausstellung der pers\u00f6nlichen Sammlung der Baronin zur Verf\u00fcgung zu stellen.\n\nEs zeigt Werke nationaler und internationaler K\u00fcnstler, die in keiner katalanischen Museumseinrichtung zu finden sind. Das Projekt wird in einem fortlaufenden Programm von Wechselausstellungen realisiert.<\/p>\t\t<div class=\"ehp-zigzag__button-container ehp-zigzag__button-container ehp-zigzag__button-container ehp-zigzag__button-container ehp-zigzag__button-container ehp-zigzag__button-container\">\n\t\t\t<a class=\"ehp-button ehp-button--primary ehp-zigzag__button ehp-zigzag__button--primary is-type-link\">\n\t\t\t\t<span class=\"ehp-zigzag__button-text\">Learn More<\/span>\t\t\t\t\t<\/a>\n\t\t<\/div>\n\t\t\t\t<\/div>\n\t\t\t\t\t\t\t<\/div>\n\t\t\t\t<\/div>\n\t\t\t\t\t\t\t\t<div class=\"ehp-zigzag__item-wrapper\">\n\t\t\t\t\t<div class=\"ehp-zigzag__item-container\">\n\t\t\t\t\t\t\t\t<div class=\"ehp-zigzag__graphic-element-container has-image\">\n\t\t\t\t\t\t<div class=\"ehp-image ehp-zigzag__image-container ehp-image ehp-zigzag__image-container ehp-image ehp-zigzag__image-container ehp-image ehp-zigzag__image-container ehp-image ehp-zigzag__image-container ehp-image ehp-zigzag__image-container ehp-image ehp-zigzag__image-container ehp-image ehp-zigzag__image-container ehp-image ehp-zigzag__image-container\">\n\t\t\t\t<img decoding=\"async\" class=\"ehp-image__img ehp-zigzag__img has-shape-sharp shape-type-image\" src=\"https:\/\/www.gesoriaportaferrada.com\/wp-content\/uploads\/2019\/06\/Cova-den-Daina.jpg\" title=\"Cova de&#8217;n Daina | Hotel Ges\u00f2ria Porta Ferrada\" alt=\"Cova de&#039;n Daina | Hotel Ges\u00f2ria Porta Ferrada\" loading=\"lazy\" \/>\t\t\t<\/div>\n\t\t\t\t\t<\/div>\n\t\t\t\t<div class=\"ehp-zigzag__text-container is-graphic-image\">\n\t\t\t<h2 class=\"ehp-zigzag__title\">H\u00f6hle von Daina<\/h2><p class=\"ehp-zigzag__description\">Die H\u00f6hlen von Daina sind ein Granitdolmen das zwischen 2200 und 2700 v. Chr. erbaut wurden neben dem Ort von Romany\u00e0 des Waldes (Baix Empord\u00e0).\n\nDie sakrale Kammer formt einen Ring aus gro\u00dfen Granitsteinen mit dem Durchmesser von 11 Meter und ist durch ein Steinwall gesch\u00fctzt.<\/p>\t\t<div class=\"ehp-zigzag__button-container ehp-zigzag__button-container ehp-zigzag__button-container ehp-zigzag__button-container ehp-zigzag__button-container ehp-zigzag__button-container ehp-zigzag__button-container\">\n\t\t\t<a class=\"ehp-button ehp-button--primary ehp-zigzag__button ehp-zigzag__button--primary is-type-link\">\n\t\t\t\t<span class=\"ehp-zigzag__button-text\">Learn More<\/span>\t\t\t\t\t<\/a>\n\t\t<\/div>\n\t\t\t\t<\/div>\n\t\t\t\t\t\t\t<\/div>\n\t\t\t\t<\/div>\n\t\t\t\t\t\t\t\t<div class=\"ehp-zigzag__item-wrapper\">\n\t\t\t\t\t<div class=\"ehp-zigzag__item-container\">\n\t\t\t\t\t\t\t\t<div class=\"ehp-zigzag__graphic-element-container has-image\">\n\t\t\t\t\t\t<div class=\"ehp-image ehp-zigzag__image-container ehp-image ehp-zigzag__image-container ehp-image ehp-zigzag__image-container ehp-image ehp-zigzag__image-container ehp-image ehp-zigzag__image-container ehp-image ehp-zigzag__image-container ehp-image ehp-zigzag__image-container ehp-image ehp-zigzag__image-container ehp-image ehp-zigzag__image-container ehp-image ehp-zigzag__image-container\">\n\t\t\t\t<img decoding=\"async\" class=\"ehp-image__img ehp-zigzag__img has-shape-sharp shape-type-image\" src=\"https:\/\/www.gesoriaportaferrada.com\/wp-content\/uploads\/2019\/06\/Ermita-de-Sant-Elm.jpg\" title=\"Ermita de Sant Elm | Hotel Ges\u00f2ria Porta Ferrada\" alt=\"Ermita de Sant Elm | Hotel Ges\u00f2ria Porta Ferrada\" loading=\"lazy\" \/>\t\t\t<\/div>\n\t\t\t\t\t<\/div>\n\t\t\t\t<div class=\"ehp-zigzag__text-container is-graphic-image\">\n\t\t\t<h2 class=\"ehp-zigzag__title\">Einsiedelei von Sant Elm<\/h2><p class=\"ehp-zigzag__description\">Es ist eine alte Einsiedelei, die auf einer Befestigungsanlage aus dem dreizehnten Jahrhundert errichtet wurde. Der Reisende kann mit dem Auto nach oben fahren und vom selben Ort aus den Panoramablick genie\u00dfen.<\/p>\t\t<div class=\"ehp-zigzag__button-container ehp-zigzag__button-container ehp-zigzag__button-container ehp-zigzag__button-container ehp-zigzag__button-container ehp-zigzag__button-container ehp-zigzag__button-container ehp-zigzag__button-container\">\n\t\t\t<a class=\"ehp-button ehp-button--primary ehp-zigzag__button ehp-zigzag__button--primary is-type-link\">\n\t\t\t\t<span class=\"ehp-zigzag__button-text\">Learn More<\/span>\t\t\t\t\t<\/a>\n\t\t<\/div>\n\t\t\t\t<\/div>\n\t\t\t\t\t\t\t<\/div>\n\t\t\t\t<\/div>\n\t\t\t\t\t\t\t<\/div>\n\t\t\t\t\t\t<\/div>\n\t\t\t\t<\/div>\n\t\t\t\t\t<\/div>\n\t\t<\/div>\n\t\t\t\t\t<\/div>\n\t\t<\/section>\n\t\t\t\t<\/div>","protected":false},"excerpt":{"rendered":"<p>Activitats Culturals Monestir de Sant Feliu de Gu\u00edxols La primera documentaci\u00f3 d&#8217;aquest monestir de l\u2019ordre benedictina, apareix l&#8217;any 968 per la concessi\u00f3 que el rei Lotari fa a l\u2019abat Sunyer, per poder regir, al mateix temps, els monestirs de Sant Pol de Mar i de Sant Feliu de Gu\u00edxols. L\u2019esgl\u00e9sia \u00e9s d&#8217;estil g\u00f2tic i una [&hellip;]<\/p>\n","protected":false},"author":7,"featured_media":2244,"parent":0,"menu_order":0,"comment_status":"closed","ping_status":"closed","template":"","meta":{"footnotes":""},"class_list":["post-700","page","type-page","status-publish","has-post-thumbnail","hentry"],"_links":{"self":[{"href":"https:\/\/www.gesoriaportaferrada.com\/de\/wp-json\/wp\/v2\/pages\/700","targetHints":{"allow":["GET"]}}],"collection":[{"href":"https:\/\/www.gesoriaportaferrada.com\/de\/wp-json\/wp\/v2\/pages"}],"about":[{"href":"https:\/\/www.gesoriaportaferrada.com\/de\/wp-json\/wp\/v2\/types\/page"}],"author":[{"embeddable":true,"href":"https:\/\/www.gesoriaportaferrada.com\/de\/wp-json\/wp\/v2\/users\/7"}],"replies":[{"embeddable":true,"href":"https:\/\/www.gesoriaportaferrada.com\/de\/wp-json\/wp\/v2\/comments?post=700"}],"version-history":[{"count":67,"href":"https:\/\/www.gesoriaportaferrada.com\/de\/wp-json\/wp\/v2\/pages\/700\/revisions"}],"predecessor-version":[{"id":4845,"href":"https:\/\/www.gesoriaportaferrada.com\/de\/wp-json\/wp\/v2\/pages\/700\/revisions\/4845"}],"wp:featuredmedia":[{"embeddable":true,"href":"https:\/\/www.gesoriaportaferrada.com\/de\/wp-json\/wp\/v2\/media\/2244"}],"wp:attachment":[{"href":"https:\/\/www.gesoriaportaferrada.com\/de\/wp-json\/wp\/v2\/media?parent=700"}],"curies":[{"name":"wp","href":"https:\/\/api.w.org\/{rel}","templated":true}]}}