{"id":704,"date":"2014-05-19T11:27:12","date_gmt":"2014-05-19T09:27:12","guid":{"rendered":"https:\/\/www.gesoriaportaferrada.com\/info\/?page_id=704"},"modified":"2026-03-28T12:13:04","modified_gmt":"2026-03-28T11:13:04","slug":"festes-i-esdeveniments-a-sant-feliu","status":"publish","type":"page","link":"https:\/\/www.gesoriaportaferrada.com\/de\/festes-i-esdeveniments-a-sant-feliu\/","title":{"rendered":"Feste und events in Sant Feliu"},"content":{"rendered":"<div data-elementor-type=\"wp-page\" data-elementor-id=\"704\" class=\"elementor elementor-704\" data-elementor-post-type=\"page\">\n\t\t\t\t<div class=\"elementor-element elementor-element-28500ae e-con-full e-flex e-con e-parent\" data-id=\"28500ae\" data-element_type=\"container\" data-e-type=\"container\" data-settings=\"{&quot;background_background&quot;:&quot;classic&quot;}\">\n\t\t\t\t<div class=\"elementor-element elementor-element-a1c88fc elementor-widget elementor-widget-heading\" data-id=\"a1c88fc\" data-element_type=\"widget\" data-e-type=\"widget\" data-widget_type=\"heading.default\">\n\t\t\t\t\t<h1 class=\"elementor-heading-title elementor-size-default\">Feste und events in Sant Feliu<\/h1>\t\t\t\t<\/div>\n\t\t\t\t<\/div>\n\t\t\t\t<section class=\"elementor-section elementor-top-section elementor-element elementor-element-d25eb52 elementor-section-boxed elementor-section-height-default elementor-section-height-default\" data-id=\"d25eb52\" data-element_type=\"section\" data-e-type=\"section\">\n\t\t\t\t\t\t<div class=\"elementor-container elementor-column-gap-no\">\n\t\t\t\t\t<div class=\"elementor-column elementor-col-100 elementor-top-column elementor-element elementor-element-e9a812f\" data-id=\"e9a812f\" data-element_type=\"column\" data-e-type=\"column\">\n\t\t\t<div class=\"elementor-widget-wrap elementor-element-populated\">\n\t\t\t\t\t\t<div class=\"elementor-element elementor-element-6fbee54 elementor-widget elementor-widget-zigzag\" data-id=\"6fbee54\" data-element_type=\"widget\" data-e-type=\"widget\" data-settings=\"{&quot;image_shape&quot;:&quot;sharp&quot;}\" data-widget_type=\"zigzag.default\">\n\t\t\t\t<div class=\"elementor-widget-container\">\n\t\t\t\t\t\t\t<div class=\"ehp-zigzag has-direction-end\">\n\t\t\t\t\t\t\t<div class=\"ehp-zigzag__item-wrapper\">\n\t\t\t\t\t<div class=\"ehp-zigzag__item-container\">\n\t\t\t\t\t\t\t\t<div class=\"ehp-zigzag__graphic-element-container has-image\">\n\t\t\t\t\t\t<div class=\"ehp-image ehp-zigzag__image-container\">\n\t\t\t\t<img decoding=\"async\" class=\"ehp-image__img ehp-zigzag__img has-shape-sharp shape-type-image\" src=\"https:\/\/www.gesoriaportaferrada.com\/wp-content\/uploads\/2026\/03\/Carnaval.jpg\" title=\"Karneval\" alt=\"Karneval\" loading=\"lazy\" \/>\t\t\t<\/div>\n\t\t\t\t\t<\/div>\n\t\t\t\t<div class=\"ehp-zigzag__text-container is-graphic-image\">\n\t\t\t<h2 class=\"ehp-zigzag__title\">Karneval<\/h2><p class=\"ehp-zigzag__description\">Karneval ist in Sant Feliu sehr beliebt. Die Paraden finden im Februar statt. Sant Feliu, Platja d'Aro und Palam\u00f3s haben einen der besten Karnevale an der Costa Brava.<\/p>\t\t<\/div>\n\t\t\t\t\t\t\t<\/div>\n\t\t\t\t<\/div>\n\t\t\t\t\t\t\t\t<div class=\"ehp-zigzag__item-wrapper\">\n\t\t\t\t\t<div class=\"ehp-zigzag__item-container\">\n\t\t\t\t\t\t\t\t<div class=\"ehp-zigzag__graphic-element-container has-image\">\n\t\t\t\t\t\t<div class=\"ehp-image ehp-zigzag__image-container ehp-image ehp-zigzag__image-container\">\n\t\t\t\t<img decoding=\"async\" class=\"ehp-image__img ehp-zigzag__img has-shape-sharp shape-type-image\" src=\"https:\/\/www.gesoriaportaferrada.com\/wp-content\/uploads\/2026\/03\/Festival-Porta-Ferrada.jpg\" title=\"Festival Porta Ferrada\" alt=\"Festival Porta Ferrada\" loading=\"lazy\" \/>\t\t\t<\/div>\n\t\t\t\t\t<\/div>\n\t\t\t\t<div class=\"ehp-zigzag__text-container is-graphic-image\">\n\t\t\t<h2 class=\"ehp-zigzag__title\">Internationales Festival von Porta Ferrada<\/h2><p class=\"ehp-zigzag__description\">Dieses 1958 ins Leben gerufene Festival ist das \u00e4lteste an der Costa Brava und fand fr\u00fcher neben dem Kloster der Stadt statt. Es hat im Laufe der Zeit internationale Bedeutung erlangt und ist eines der wichtigsten Festivals in Katalonien. Es umfasst Theater, Musik und Tanz.<\/p>\t\t<\/div>\n\t\t\t\t\t\t\t<\/div>\n\t\t\t\t<\/div>\n\t\t\t\t\t\t\t\t<div class=\"ehp-zigzag__item-wrapper\">\n\t\t\t\t\t<div class=\"ehp-zigzag__item-container\">\n\t\t\t\t\t\t\t\t<div class=\"ehp-zigzag__graphic-element-container has-image\">\n\t\t\t\t\t\t<div class=\"ehp-image ehp-zigzag__image-container ehp-image ehp-zigzag__image-container ehp-image ehp-zigzag__image-container\">\n\t\t\t\t<img decoding=\"async\" class=\"ehp-image__img ehp-zigzag__img has-shape-sharp shape-type-image\" src=\"https:\/\/www.gesoriaportaferrada.com\/wp-content\/uploads\/2026\/03\/Festa-Major.jpg\" title=\"Hauptpartei\" alt=\"Hauptpartei\" loading=\"lazy\" \/>\t\t\t<\/div>\n\t\t\t\t\t<\/div>\n\t\t\t\t<div class=\"ehp-zigzag__text-container is-graphic-image\">\n\t\t\t<h2 class=\"ehp-zigzag__title\">Hauptpartei<\/h2><p class=\"ehp-zigzag__description\">Das gro\u00dfe Fest von Sant Feliu wird Anfang August gefeiert. Es ist das wichtigste Volksfest von Sant Feliu und das Feuerwerk in der Bucht ist ber\u00fchmt.<\/p>\t\t<div class=\"ehp-zigzag__button-container\">\n\t\t\t<a class=\"ehp-button ehp-button--primary ehp-zigzag__button ehp-zigzag__button--primary is-type-link\">\n\t\t\t\t<span class=\"ehp-zigzag__button-text\">Learn More<\/span>\t\t\t\t\t<\/a>\n\t\t<\/div>\n\t\t\t\t<\/div>\n\t\t\t\t\t\t\t<\/div>\n\t\t\t\t<\/div>\n\t\t\t\t\t\t\t\t<div class=\"ehp-zigzag__item-wrapper\">\n\t\t\t\t\t<div class=\"ehp-zigzag__item-container\">\n\t\t\t\t\t\t\t\t<div class=\"ehp-zigzag__graphic-element-container has-image\">\n\t\t\t\t\t\t<div class=\"ehp-image ehp-zigzag__image-container ehp-image ehp-zigzag__image-container ehp-image ehp-zigzag__image-container ehp-image ehp-zigzag__image-container\">\n\t\t\t\t<img decoding=\"async\" class=\"ehp-image__img ehp-zigzag__img has-shape-sharp shape-type-image\" src=\"https:\/\/www.gesoriaportaferrada.com\/wp-content\/uploads\/2026\/03\/Fira-del-Brunyol.jpg\" title=\"Brunyol Fair\" alt=\"Brunyol Fair\" loading=\"lazy\" \/>\t\t\t<\/div>\n\t\t\t\t\t<\/div>\n\t\t\t\t<div class=\"ehp-zigzag__text-container is-graphic-image\">\n\t\t\t<h2 class=\"ehp-zigzag__title\">Brunyol Fair<\/h2><p class=\"ehp-zigzag__description\">W\u00e4hrend der Osterfeiertage k\u00f6nnen Sie eine ganze Reihe von Kunsthandwerksst\u00e4nden besuchen, darunter auch solche, die sich speziell der F\u00f6rderung des Krapfens widmen, mit Workshops, Vorf\u00fchrungen und anderen Veranstaltungen.<\/p>\t\t<div class=\"ehp-zigzag__button-container ehp-zigzag__button-container\">\n\t\t\t<a class=\"ehp-button ehp-button--primary ehp-zigzag__button ehp-zigzag__button--primary is-type-link\">\n\t\t\t\t<span class=\"ehp-zigzag__button-text\">Learn More<\/span>\t\t\t\t\t<\/a>\n\t\t<\/div>\n\t\t\t\t<\/div>\n\t\t\t\t\t\t\t<\/div>\n\t\t\t\t<\/div>\n\t\t\t\t\t\t\t\t<div class=\"ehp-zigzag__item-wrapper\">\n\t\t\t\t\t<div class=\"ehp-zigzag__item-container\">\n\t\t\t\t\t\t\t\t<div class=\"ehp-zigzag__graphic-element-container has-image\">\n\t\t\t\t\t\t<div class=\"ehp-image ehp-zigzag__image-container ehp-image ehp-zigzag__image-container ehp-image ehp-zigzag__image-container ehp-image ehp-zigzag__image-container ehp-image ehp-zigzag__image-container\">\n\t\t\t\t<img decoding=\"async\" class=\"ehp-image__img ehp-zigzag__img has-shape-sharp shape-type-image\" src=\"https:\/\/www.gesoriaportaferrada.com\/wp-content\/uploads\/2026\/03\/Campanyes-gastronomiques.jpg\" title=\"Gastronomie-Kampagnen\" alt=\"Gastronomie-Kampagnen\" loading=\"lazy\" \/>\t\t\t<\/div>\n\t\t\t\t\t<\/div>\n\t\t\t\t<div class=\"ehp-zigzag__text-container is-graphic-image\">\n\t\t\t<h2 class=\"ehp-zigzag__title\">Gastronomische Tage<\/h2><p class=\"ehp-zigzag__description\">- Temps d'uri\u00e7os (Dezember bis Februar)<br>\n- Peixopalo-K\u00fcche (M\u00e4rz)<br>\n- Fr\u00fchjahrs-Ganxotapes (April \u2013 Mai)<br>\n- Gastronomie-Kampagne f\u00fcr Blaues Fisch (Mai \u2013 Juni)<br>\n- Herbst-Ganxotapes (Oktober \u2013 November)<br><\/p>\t\t<div class=\"ehp-zigzag__button-container ehp-zigzag__button-container ehp-zigzag__button-container\">\n\t\t\t<a class=\"ehp-button ehp-button--primary ehp-zigzag__button ehp-zigzag__button--primary is-type-link\">\n\t\t\t\t<span class=\"ehp-zigzag__button-text\">Learn More<\/span>\t\t\t\t\t<\/a>\n\t\t<\/div>\n\t\t\t\t<\/div>\n\t\t\t\t\t\t\t<\/div>\n\t\t\t\t<\/div>\n\t\t\t\t\t\t\t<\/div>\n\t\t\t\t\t\t<\/div>\n\t\t\t\t<\/div>\n\t\t\t\t\t<\/div>\n\t\t<\/div>\n\t\t\t\t\t<\/div>\n\t\t<\/section>\n\t\t\t\t<\/div>","protected":false},"excerpt":{"rendered":"<p>Festes i esdeveniments a Sant Feliu El Carnaval La ciutat de San Feliu est\u00e0 enclavada en una zona coneguda per les seves celebracions del carnaval, que tenen lloc el mes de febrer. Junt amb Platja d&#8217;Aro i Palam\u00f3s, el carnaval de Sant Feliu \u00e9s un dels m\u00e9s prestigiosos. Festival Internacional de la Porta Ferrada Creat [&hellip;]<\/p>\n","protected":false},"author":7,"featured_media":2246,"parent":0,"menu_order":0,"comment_status":"closed","ping_status":"closed","template":"","meta":{"footnotes":""},"class_list":["post-704","page","type-page","status-publish","has-post-thumbnail","hentry"],"_links":{"self":[{"href":"https:\/\/www.gesoriaportaferrada.com\/de\/wp-json\/wp\/v2\/pages\/704","targetHints":{"allow":["GET"]}}],"collection":[{"href":"https:\/\/www.gesoriaportaferrada.com\/de\/wp-json\/wp\/v2\/pages"}],"about":[{"href":"https:\/\/www.gesoriaportaferrada.com\/de\/wp-json\/wp\/v2\/types\/page"}],"author":[{"embeddable":true,"href":"https:\/\/www.gesoriaportaferrada.com\/de\/wp-json\/wp\/v2\/users\/7"}],"replies":[{"embeddable":true,"href":"https:\/\/www.gesoriaportaferrada.com\/de\/wp-json\/wp\/v2\/comments?post=704"}],"version-history":[{"count":40,"href":"https:\/\/www.gesoriaportaferrada.com\/de\/wp-json\/wp\/v2\/pages\/704\/revisions"}],"predecessor-version":[{"id":4842,"href":"https:\/\/www.gesoriaportaferrada.com\/de\/wp-json\/wp\/v2\/pages\/704\/revisions\/4842"}],"wp:featuredmedia":[{"embeddable":true,"href":"https:\/\/www.gesoriaportaferrada.com\/de\/wp-json\/wp\/v2\/media\/2246"}],"wp:attachment":[{"href":"https:\/\/www.gesoriaportaferrada.com\/de\/wp-json\/wp\/v2\/media?parent=704"}],"curies":[{"name":"wp","href":"https:\/\/api.w.org\/{rel}","templated":true}]}}