{"id":700,"date":"2014-05-19T11:02:46","date_gmt":"2014-05-19T09:02:46","guid":{"rendered":"https:\/\/www.gesoriaportaferrada.com\/info\/?page_id=700"},"modified":"2026-03-28T12:47:50","modified_gmt":"2026-03-28T11:47:50","slug":"activitats-culturals","status":"publish","type":"page","link":"https:\/\/www.gesoriaportaferrada.com\/en\/activitats-culturals\/","title":{"rendered":"Cultural activities"},"content":{"rendered":"<div data-elementor-type=\"wp-post\" data-elementor-id=\"700\" class=\"elementor elementor-700\" data-elementor-post-type=\"page\">\n\t\t\t\t<div class=\"elementor-element elementor-element-0b5ebaf e-con-full e-flex e-con e-parent\" data-id=\"0b5ebaf\" data-element_type=\"container\" data-e-type=\"container\" data-settings=\"{&quot;background_background&quot;:&quot;classic&quot;}\">\n\t\t\t\t<div class=\"elementor-element elementor-element-f34f1c2 elementor-widget elementor-widget-heading\" data-id=\"f34f1c2\" data-element_type=\"widget\" data-e-type=\"widget\" data-widget_type=\"heading.default\">\n\t\t\t\t\t<h1 class=\"elementor-heading-title elementor-size-default\">Cultural Activities<\/h1>\t\t\t\t<\/div>\n\t\t\t\t<\/div>\n\t\t\t\t<section class=\"elementor-section elementor-top-section elementor-element elementor-element-4582dd2 elementor-section-boxed elementor-section-height-default elementor-section-height-default\" data-id=\"4582dd2\" data-element_type=\"section\" data-e-type=\"section\">\n\t\t\t\t\t\t<div class=\"elementor-container elementor-column-gap-no\">\n\t\t\t\t\t<div class=\"elementor-column elementor-col-100 elementor-top-column elementor-element elementor-element-e22ed4f\" data-id=\"e22ed4f\" data-element_type=\"column\" data-e-type=\"column\">\n\t\t\t<div class=\"elementor-widget-wrap elementor-element-populated\">\n\t\t\t\t\t\t<div class=\"elementor-element elementor-element-46b4fa9 elementor-widget elementor-widget-zigzag\" data-id=\"46b4fa9\" data-element_type=\"widget\" data-e-type=\"widget\" data-settings=\"{&quot;image_shape&quot;:&quot;sharp&quot;}\" data-widget_type=\"zigzag.default\">\n\t\t\t\t<div class=\"elementor-widget-container\">\n\t\t\t\t\t\t\t<div class=\"ehp-zigzag has-direction-end\">\n\t\t\t\t\t\t\t<div class=\"ehp-zigzag__item-wrapper\">\n\t\t\t\t\t<div class=\"ehp-zigzag__item-container\">\n\t\t\t\t\t\t\t\t<div class=\"ehp-zigzag__graphic-element-container has-image\">\n\t\t\t\t\t\t<div class=\"ehp-image ehp-zigzag__image-container\">\n\t\t\t\t<img decoding=\"async\" class=\"ehp-image__img ehp-zigzag__img has-shape-sharp shape-type-image\" src=\"https:\/\/www.gesoriaportaferrada.com\/wp-content\/uploads\/2021\/06\/Monestir-Sant-Feliu-de-Guixols.jpg\" title=\"Monestir Sant Feliu de Gu\u00edxols\" alt=\"Monestir Sant Feliu de Gu\u00edxols\" loading=\"lazy\" \/>\t\t\t<\/div>\n\t\t\t\t\t<\/div>\n\t\t\t\t<div class=\"ehp-zigzag__text-container is-graphic-image\">\n\t\t\t<h2 class=\"ehp-zigzag__title\">Monastery of Sant Feliu de Gu\u00edxols<\/h2><p class=\"ehp-zigzag__description\">The first documents of this Monastery of the Benedictine order, appeared in the year 968 due to the concession that the king Lotari did to abbot Sunyer, to be able to reign, at the same time, the monasteries of Sant Pol de Mar and Sant Feliu de Gu\u00edxols.\n\nThe whole complex has suffered a few changes along the history. The gothic church is made of one nave with a transept and three polygonal apses and a roof of groined vaulting. A part of the aisle is Romanic with barrel vault.\n\nThe main fa\u00e7ade has a Romanic style and it has been restored. It is surrounded by two towers with Roman bases, the Torre del Corn (the tower of Corn), with a rectangular floor and the Torre del Fum (the tower of smoke) with a semicircular floor.<\/p>\t\t<\/div>\n\t\t\t\t\t\t\t<\/div>\n\t\t\t\t<\/div>\n\t\t\t\t\t\t\t\t<div class=\"ehp-zigzag__item-wrapper\">\n\t\t\t\t\t<div class=\"ehp-zigzag__item-container\">\n\t\t\t\t\t\t\t\t<div class=\"ehp-zigzag__graphic-element-container has-image\">\n\t\t\t\t\t\t<div class=\"ehp-image ehp-zigzag__image-container ehp-image ehp-zigzag__image-container\">\n\t\t\t\t<img decoding=\"async\" class=\"ehp-image__img ehp-zigzag__img has-shape-sharp shape-type-image\" src=\"https:\/\/www.gesoriaportaferrada.com\/wp-content\/uploads\/2019\/06\/Pedralta.jpg\" title=\"Pedralta | Hotel Ges\u00f2ria Porta Ferrada\" alt=\"Pedralta | Hotel Ges\u00f2ria Porta Ferrada\" loading=\"lazy\" \/>\t\t\t<\/div>\n\t\t\t\t\t<\/div>\n\t\t\t\t<div class=\"ehp-zigzag__text-container is-graphic-image\">\n\t\t\t<h2 class=\"ehp-zigzag__title\">Pedralta<\/h2><p class=\"ehp-zigzag__description\">It is the biggest bascule stone in Europe. It is located between Santa Cristina d'Aro and Sant Feliu de Gu\u00edxols.<\/p>\t\t<\/div>\n\t\t\t\t\t\t\t<\/div>\n\t\t\t\t<\/div>\n\t\t\t\t\t\t\t\t<div class=\"ehp-zigzag__item-wrapper\">\n\t\t\t\t\t<div class=\"ehp-zigzag__item-container\">\n\t\t\t\t\t\t\t\t<div class=\"ehp-zigzag__graphic-element-container has-image\">\n\t\t\t\t\t\t<div class=\"ehp-image ehp-zigzag__image-container ehp-image ehp-zigzag__image-container ehp-image ehp-zigzag__image-container\">\n\t\t\t\t<img decoding=\"async\" class=\"ehp-image__img ehp-zigzag__img has-shape-sharp shape-type-image\" src=\"https:\/\/www.gesoriaportaferrada.com\/wp-content\/uploads\/2019\/06\/Passeig-mar\u00edtim-Sant-Feliu-de-Gu\u00edxols.jpg\" title=\"Passeig mar\u00edtim Sant Feliu de Gu\u00edxols | Hotel Ges\u00f2ria Porta Ferrada\" alt=\"Passeig mar\u00edtim Sant Feliu de Gu\u00edxols | Hotel Ges\u00f2ria Porta Ferrada\" loading=\"lazy\" \/>\t\t\t<\/div>\n\t\t\t\t\t<\/div>\n\t\t\t\t<div class=\"ehp-zigzag__text-container is-graphic-image\">\n\t\t\t<h2 class=\"ehp-zigzag__title\">Promenade<\/h2><p class=\"ehp-zigzag__description\">It was inaugurated in 1833 between the old medieval city and the beach, and as the years went by, this wide city space, organized as an avenue with banana trees, it was filled with stately mansions that replaced the old medieval houses of the fishermen.<\/p>\t\t<div class=\"ehp-zigzag__button-container\">\n\t\t\t<a class=\"ehp-button ehp-button--primary ehp-zigzag__button ehp-zigzag__button--primary is-type-link\">\n\t\t\t\t<span class=\"ehp-zigzag__button-text\">Learn More<\/span>\t\t\t\t\t<\/a>\n\t\t<\/div>\n\t\t\t\t<\/div>\n\t\t\t\t\t\t\t<\/div>\n\t\t\t\t<\/div>\n\t\t\t\t\t\t\t\t<div class=\"ehp-zigzag__item-wrapper\">\n\t\t\t\t\t<div class=\"ehp-zigzag__item-container\">\n\t\t\t\t\t\t\t\t<div class=\"ehp-zigzag__graphic-element-container has-image\">\n\t\t\t\t\t\t<div class=\"ehp-image ehp-zigzag__image-container ehp-image ehp-zigzag__image-container ehp-image ehp-zigzag__image-container ehp-image ehp-zigzag__image-container\">\n\t\t\t\t<img decoding=\"async\" class=\"ehp-image__img ehp-zigzag__img has-shape-sharp shape-type-image\" src=\"https:\/\/www.gesoriaportaferrada.com\/wp-content\/uploads\/2019\/06\/Casino-La-Constancia.jpg\" title=\"Casino La Constancia | Hotel Ges\u00f2ria Porta Ferrada\" alt=\"Casino La Constancia | Hotel Ges\u00f2ria Porta Ferrada\" loading=\"lazy\" \/>\t\t\t<\/div>\n\t\t\t\t\t<\/div>\n\t\t\t\t<div class=\"ehp-zigzag__text-container is-graphic-image\">\n\t\t\t<h2 class=\"ehp-zigzag__title\">Casino La Constancia<\/h2><p class=\"ehp-zigzag__description\">It is an Institution that is located in an Arab style and modern building, known under the name Casino dels Nois (casino of the boys). The building of the casino was built by the architect General Guitart in 1888.<\/p>\t\t<div class=\"ehp-zigzag__button-container ehp-zigzag__button-container\">\n\t\t\t<a class=\"ehp-button ehp-button--primary ehp-zigzag__button ehp-zigzag__button--primary is-type-link\">\n\t\t\t\t<span class=\"ehp-zigzag__button-text\">Learn More<\/span>\t\t\t\t\t<\/a>\n\t\t<\/div>\n\t\t\t\t<\/div>\n\t\t\t\t\t\t\t<\/div>\n\t\t\t\t<\/div>\n\t\t\t\t\t\t\t\t<div class=\"ehp-zigzag__item-wrapper\">\n\t\t\t\t\t<div class=\"ehp-zigzag__item-container\">\n\t\t\t\t\t\t\t\t<div class=\"ehp-zigzag__graphic-element-container has-image\">\n\t\t\t\t\t\t<div class=\"ehp-image ehp-zigzag__image-container ehp-image ehp-zigzag__image-container ehp-image ehp-zigzag__image-container ehp-image ehp-zigzag__image-container ehp-image ehp-zigzag__image-container\">\n\t\t\t\t<img decoding=\"async\" class=\"ehp-image__img ehp-zigzag__img has-shape-sharp shape-type-image\" src=\"https:\/\/www.gesoriaportaferrada.com\/wp-content\/uploads\/2019\/06\/Casa-Patxot.jpg\" title=\"Casa Patxot | Hotel Ges\u00f2ria Porta Ferrada\" alt=\"Casa Patxot | Hotel Ges\u00f2ria Porta Ferrada\" loading=\"lazy\" \/>\t\t\t<\/div>\n\t\t\t\t\t<\/div>\n\t\t\t\t<div class=\"ehp-zigzag__text-container is-graphic-image\">\n\t\t\t<h2 class=\"ehp-zigzag__title\">La casa Patxot<\/h2><p class=\"ehp-zigzag__description\">This house is located in Passeig del Mar Street (promenade). It is the house of the rich industry developer Rafael Patxot, which was built between 1917 and 1920 by the architect Albert Juan Torner.\nIt is one of the richest, most luxurious and best preserved mansions of the city. During many years, the mansion kept an astronomic observatory of Mr. Patxot. Nowadays, you can find the Chamber of Commerce, Industry and Navigation of Sant Feliu de Gu\u00edxols.<\/p>\t\t<div class=\"ehp-zigzag__button-container ehp-zigzag__button-container ehp-zigzag__button-container\">\n\t\t\t<a class=\"ehp-button ehp-button--primary ehp-zigzag__button ehp-zigzag__button--primary is-type-link\">\n\t\t\t\t<span class=\"ehp-zigzag__button-text\">Learn More<\/span>\t\t\t\t\t<\/a>\n\t\t<\/div>\n\t\t\t\t<\/div>\n\t\t\t\t\t\t\t<\/div>\n\t\t\t\t<\/div>\n\t\t\t\t\t\t\t\t<div class=\"ehp-zigzag__item-wrapper\">\n\t\t\t\t\t<div class=\"ehp-zigzag__item-container\">\n\t\t\t\t\t\t\t\t<div class=\"ehp-zigzag__graphic-element-container has-image\">\n\t\t\t\t\t\t<div class=\"ehp-image ehp-zigzag__image-container ehp-image ehp-zigzag__image-container ehp-image ehp-zigzag__image-container ehp-image ehp-zigzag__image-container ehp-image ehp-zigzag__image-container ehp-image ehp-zigzag__image-container\">\n\t\t\t\t<img decoding=\"async\" class=\"ehp-image__img ehp-zigzag__img has-shape-sharp shape-type-image\" src=\"https:\/\/www.gesoriaportaferrada.com\/wp-content\/uploads\/2019\/06\/El-Salvament.jpg\" title=\"El Salvament | Hotel Ges\u00f2ria Porta Ferrada\" alt=\"El Salvament | Hotel Ges\u00f2ria Porta Ferrada\" loading=\"lazy\" \/>\t\t\t<\/div>\n\t\t\t\t\t<\/div>\n\t\t\t\t<div class=\"ehp-zigzag__text-container is-graphic-image\">\n\t\t\t<h2 class=\"ehp-zigzag__title\">El Salvament<\/h2><p class=\"ehp-zigzag__description\">Placed in the port of Sant Feliu the Gu\u00edxols, it used to be a castaway salvation point. It was constructed in the 19th Century and it is now considered a cultural asset and has been converted into the Marine Rescue Museum.<\/p>\t\t<div class=\"ehp-zigzag__button-container ehp-zigzag__button-container ehp-zigzag__button-container ehp-zigzag__button-container\">\n\t\t\t<a class=\"ehp-button ehp-button--primary ehp-zigzag__button ehp-zigzag__button--primary is-type-link\">\n\t\t\t\t<span class=\"ehp-zigzag__button-text\">Learn More<\/span>\t\t\t\t\t<\/a>\n\t\t<\/div>\n\t\t\t\t<\/div>\n\t\t\t\t\t\t\t<\/div>\n\t\t\t\t<\/div>\n\t\t\t\t\t\t\t\t<div class=\"ehp-zigzag__item-wrapper\">\n\t\t\t\t\t<div class=\"ehp-zigzag__item-container\">\n\t\t\t\t\t\t\t\t<div class=\"ehp-zigzag__graphic-element-container has-image\">\n\t\t\t\t\t\t<div class=\"ehp-image ehp-zigzag__image-container ehp-image ehp-zigzag__image-container ehp-image ehp-zigzag__image-container ehp-image ehp-zigzag__image-container ehp-image ehp-zigzag__image-container ehp-image ehp-zigzag__image-container ehp-image ehp-zigzag__image-container\">\n\t\t\t\t<img decoding=\"async\" class=\"ehp-image__img ehp-zigzag__img has-shape-sharp shape-type-image\" src=\"https:\/\/www.gesoriaportaferrada.com\/wp-content\/uploads\/2019\/06\/Ajuntament.jpg\" title=\"Ajuntament | Hotel Ges\u00f2ria Porta Ferrada\" alt=\"Ajuntament | Hotel Ges\u00f2ria Porta Ferrada\" loading=\"lazy\" \/>\t\t\t<\/div>\n\t\t\t\t\t<\/div>\n\t\t\t\t<div class=\"ehp-zigzag__text-container is-graphic-image\">\n\t\t\t<h2 class=\"ehp-zigzag__title\">Town Hall<\/h2><p class=\"ehp-zigzag__description\">Built in 1547, with sober shapes and a gothic and Renaissance style, the town hall of the city has survived to all the war destructions and to the property speculation. A tower was added to the current building in 1847.<\/p>\t\t<div class=\"ehp-zigzag__button-container ehp-zigzag__button-container ehp-zigzag__button-container ehp-zigzag__button-container ehp-zigzag__button-container\">\n\t\t\t<a class=\"ehp-button ehp-button--primary ehp-zigzag__button ehp-zigzag__button--primary is-type-link\">\n\t\t\t\t<span class=\"ehp-zigzag__button-text\">Learn More<\/span>\t\t\t\t\t<\/a>\n\t\t<\/div>\n\t\t\t\t<\/div>\n\t\t\t\t\t\t\t<\/div>\n\t\t\t\t<\/div>\n\t\t\t\t\t\t\t\t<div class=\"ehp-zigzag__item-wrapper\">\n\t\t\t\t\t<div class=\"ehp-zigzag__item-container\">\n\t\t\t\t\t\t\t\t<div class=\"ehp-zigzag__graphic-element-container has-image\">\n\t\t\t\t\t\t<div class=\"ehp-image ehp-zigzag__image-container ehp-image ehp-zigzag__image-container ehp-image ehp-zigzag__image-container ehp-image ehp-zigzag__image-container ehp-image ehp-zigzag__image-container ehp-image ehp-zigzag__image-container ehp-image ehp-zigzag__image-container ehp-image ehp-zigzag__image-container\">\n\t\t\t\t<img decoding=\"async\" class=\"ehp-image__img ehp-zigzag__img has-shape-sharp shape-type-image\" src=\"https:\/\/www.gesoriaportaferrada.com\/wp-content\/uploads\/2019\/06\/Espai-Carmen-Thyssen.jpg\" title=\"Espai Carmen Thyssen | Hotel Ges\u00f2ria Porta Ferrada\" alt=\"Espai Carmen Thyssen | Hotel Ges\u00f2ria Porta Ferrada\" loading=\"lazy\" \/>\t\t\t<\/div>\n\t\t\t\t\t<\/div>\n\t\t\t\t<div class=\"ehp-zigzag__text-container is-graphic-image\">\n\t\t\t<h2 class=\"ehp-zigzag__title\">Carmen Thyssen Space<\/h2><p class=\"ehp-zigzag__description\">The joint efforts and goodwill of the City Council and Carmen Thyssen-Bornemisza have combined to provide a space at Sant Feliu de Gu\u00edxols to display the baroness's private collection.\n\nIt exposes the work of national and international artists that is not found in any Catalan museum institution. The project is focused on a continual program of temporary exhibitions.<\/p>\t\t<div class=\"ehp-zigzag__button-container ehp-zigzag__button-container ehp-zigzag__button-container ehp-zigzag__button-container ehp-zigzag__button-container ehp-zigzag__button-container\">\n\t\t\t<a class=\"ehp-button ehp-button--primary ehp-zigzag__button ehp-zigzag__button--primary is-type-link\">\n\t\t\t\t<span class=\"ehp-zigzag__button-text\">Learn More<\/span>\t\t\t\t\t<\/a>\n\t\t<\/div>\n\t\t\t\t<\/div>\n\t\t\t\t\t\t\t<\/div>\n\t\t\t\t<\/div>\n\t\t\t\t\t\t\t\t<div class=\"ehp-zigzag__item-wrapper\">\n\t\t\t\t\t<div class=\"ehp-zigzag__item-container\">\n\t\t\t\t\t\t\t\t<div class=\"ehp-zigzag__graphic-element-container has-image\">\n\t\t\t\t\t\t<div class=\"ehp-image ehp-zigzag__image-container ehp-image ehp-zigzag__image-container ehp-image ehp-zigzag__image-container ehp-image ehp-zigzag__image-container ehp-image ehp-zigzag__image-container ehp-image ehp-zigzag__image-container ehp-image ehp-zigzag__image-container ehp-image ehp-zigzag__image-container ehp-image ehp-zigzag__image-container\">\n\t\t\t\t<img decoding=\"async\" class=\"ehp-image__img ehp-zigzag__img has-shape-sharp shape-type-image\" src=\"https:\/\/www.gesoriaportaferrada.com\/wp-content\/uploads\/2019\/06\/Cova-den-Daina.jpg\" title=\"Cova de&#8217;n Daina | Hotel Ges\u00f2ria Porta Ferrada\" alt=\"Cova de&#039;n Daina | Hotel Ges\u00f2ria Porta Ferrada\" loading=\"lazy\" \/>\t\t\t<\/div>\n\t\t\t\t\t<\/div>\n\t\t\t\t<div class=\"ehp-zigzag__text-container is-graphic-image\">\n\t\t\t<h2 class=\"ehp-zigzag__title\">Daina's cave<\/h2><p class=\"ehp-zigzag__description\">Daina's cave is a big granite dolmen that was built between 2700 BC and 2200 BC in the outskirts of Romany\u00e0 de la Selva (Baix Empord\u00e0).\n\nThe megalithic area is protected by a cromlech as an external ring of 11 meters of diameter and it is made of large granite stones, a main corridor from east to west, a mound of earth and stones that are used as a support and the room of the center.<\/p>\t\t<div class=\"ehp-zigzag__button-container ehp-zigzag__button-container ehp-zigzag__button-container ehp-zigzag__button-container ehp-zigzag__button-container ehp-zigzag__button-container ehp-zigzag__button-container\">\n\t\t\t<a class=\"ehp-button ehp-button--primary ehp-zigzag__button ehp-zigzag__button--primary is-type-link\">\n\t\t\t\t<span class=\"ehp-zigzag__button-text\">Learn More<\/span>\t\t\t\t\t<\/a>\n\t\t<\/div>\n\t\t\t\t<\/div>\n\t\t\t\t\t\t\t<\/div>\n\t\t\t\t<\/div>\n\t\t\t\t\t\t\t\t<div class=\"ehp-zigzag__item-wrapper\">\n\t\t\t\t\t<div class=\"ehp-zigzag__item-container\">\n\t\t\t\t\t\t\t\t<div class=\"ehp-zigzag__graphic-element-container has-image\">\n\t\t\t\t\t\t<div class=\"ehp-image ehp-zigzag__image-container ehp-image ehp-zigzag__image-container ehp-image ehp-zigzag__image-container ehp-image ehp-zigzag__image-container ehp-image ehp-zigzag__image-container ehp-image ehp-zigzag__image-container ehp-image ehp-zigzag__image-container ehp-image ehp-zigzag__image-container ehp-image ehp-zigzag__image-container ehp-image ehp-zigzag__image-container\">\n\t\t\t\t<img decoding=\"async\" class=\"ehp-image__img ehp-zigzag__img has-shape-sharp shape-type-image\" src=\"https:\/\/www.gesoriaportaferrada.com\/wp-content\/uploads\/2019\/06\/Ermita-de-Sant-Elm.jpg\" title=\"Ermita de Sant Elm | Hotel Ges\u00f2ria Porta Ferrada\" alt=\"Ermita de Sant Elm | Hotel Ges\u00f2ria Porta Ferrada\" loading=\"lazy\" \/>\t\t\t<\/div>\n\t\t\t\t\t<\/div>\n\t\t\t\t<div class=\"ehp-zigzag__text-container is-graphic-image\">\n\t\t\t<h2 class=\"ehp-zigzag__title\">Sant Elm's hermitage<\/h2><p class=\"ehp-zigzag__description\">It was constructed over a fortification dated in the 13th Century. You can get there by car and enjoy incredible views over the Costa Brava from that point.<\/p>\t\t<div class=\"ehp-zigzag__button-container ehp-zigzag__button-container ehp-zigzag__button-container ehp-zigzag__button-container ehp-zigzag__button-container ehp-zigzag__button-container ehp-zigzag__button-container ehp-zigzag__button-container\">\n\t\t\t<a class=\"ehp-button ehp-button--primary ehp-zigzag__button ehp-zigzag__button--primary is-type-link\">\n\t\t\t\t<span class=\"ehp-zigzag__button-text\">Learn More<\/span>\t\t\t\t\t<\/a>\n\t\t<\/div>\n\t\t\t\t<\/div>\n\t\t\t\t\t\t\t<\/div>\n\t\t\t\t<\/div>\n\t\t\t\t\t\t\t<\/div>\n\t\t\t\t\t\t<\/div>\n\t\t\t\t<\/div>\n\t\t\t\t\t<\/div>\n\t\t<\/div>\n\t\t\t\t\t<\/div>\n\t\t<\/section>\n\t\t\t\t<\/div>","protected":false},"excerpt":{"rendered":"<p>Activitats Culturals Monestir de Sant Feliu de Gu\u00edxols La primera documentaci\u00f3 d&#8217;aquest monestir de l\u2019ordre benedictina, apareix l&#8217;any 968 per la concessi\u00f3 que el rei Lotari fa a l\u2019abat Sunyer, per poder regir, al mateix temps, els monestirs de Sant Pol de Mar i de Sant Feliu de Gu\u00edxols. L\u2019esgl\u00e9sia \u00e9s d&#8217;estil g\u00f2tic i una [&hellip;]<\/p>\n","protected":false},"author":7,"featured_media":2244,"parent":0,"menu_order":0,"comment_status":"closed","ping_status":"closed","template":"","meta":{"footnotes":""},"class_list":["post-700","page","type-page","status-publish","has-post-thumbnail","hentry"],"_links":{"self":[{"href":"https:\/\/www.gesoriaportaferrada.com\/en\/wp-json\/wp\/v2\/pages\/700","targetHints":{"allow":["GET"]}}],"collection":[{"href":"https:\/\/www.gesoriaportaferrada.com\/en\/wp-json\/wp\/v2\/pages"}],"about":[{"href":"https:\/\/www.gesoriaportaferrada.com\/en\/wp-json\/wp\/v2\/types\/page"}],"author":[{"embeddable":true,"href":"https:\/\/www.gesoriaportaferrada.com\/en\/wp-json\/wp\/v2\/users\/7"}],"replies":[{"embeddable":true,"href":"https:\/\/www.gesoriaportaferrada.com\/en\/wp-json\/wp\/v2\/comments?post=700"}],"version-history":[{"count":67,"href":"https:\/\/www.gesoriaportaferrada.com\/en\/wp-json\/wp\/v2\/pages\/700\/revisions"}],"predecessor-version":[{"id":4845,"href":"https:\/\/www.gesoriaportaferrada.com\/en\/wp-json\/wp\/v2\/pages\/700\/revisions\/4845"}],"wp:featuredmedia":[{"embeddable":true,"href":"https:\/\/www.gesoriaportaferrada.com\/en\/wp-json\/wp\/v2\/media\/2244"}],"wp:attachment":[{"href":"https:\/\/www.gesoriaportaferrada.com\/en\/wp-json\/wp\/v2\/media?parent=700"}],"curies":[{"name":"wp","href":"https:\/\/api.w.org\/{rel}","templated":true}]}}