{"id":13,"date":"2014-02-19T21:50:33","date_gmt":"2014-02-19T20:50:33","guid":{"rendered":"https:\/\/www.gesoriaportaferrada.com\/info\/?page_id=13"},"modified":"2026-03-28T11:49:27","modified_gmt":"2026-03-28T10:49:27","slug":"fotografies","status":"publish","type":"page","link":"https:\/\/www.gesoriaportaferrada.com\/es\/fotografies\/","title":{"rendered":"Fotograf\u00edas"},"content":{"rendered":"<div data-elementor-type=\"wp-post\" data-elementor-id=\"13\" class=\"elementor elementor-13\" data-elementor-post-type=\"page\">\n\t\t\t\t<div class=\"elementor-element elementor-element-a774610 e-con-full e-flex e-con e-parent\" data-id=\"a774610\" data-element_type=\"container\" data-e-type=\"container\" data-settings=\"{&quot;background_background&quot;:&quot;classic&quot;}\">\n\t\t\t\t<div class=\"elementor-element elementor-element-cd47008 elementor-widget elementor-widget-heading\" data-id=\"cd47008\" data-element_type=\"widget\" data-e-type=\"widget\" data-widget_type=\"heading.default\">\n\t\t\t\t\t<h1 class=\"elementor-heading-title elementor-size-default\">Fotograf\u00edas<\/h1>\t\t\t\t<\/div>\n\t\t\t\t<\/div>\n\t\t\t\t<section class=\"elementor-section elementor-top-section elementor-element elementor-element-ae901ac elementor-section-boxed elementor-section-height-default elementor-section-height-default\" data-id=\"ae901ac\" data-element_type=\"section\" data-e-type=\"section\">\n\t\t\t\t\t\t<div class=\"elementor-container elementor-column-gap-no\">\n\t\t\t\t\t<div class=\"elementor-column elementor-col-100 elementor-top-column elementor-element elementor-element-a5a737c\" data-id=\"a5a737c\" data-element_type=\"column\" data-e-type=\"column\">\n\t\t\t<div class=\"elementor-widget-wrap elementor-element-populated\">\n\t\t\t\t\t\t<div class=\"elementor-element elementor-element-ab1ee22 elementor-widget elementor-widget-text-editor\" data-id=\"ab1ee22\" data-element_type=\"widget\" data-e-type=\"widget\" data-widget_type=\"text-editor.default\">\n\t\t\t\t\t\t\t\t\t<p class=\"translation-block\">El <strong>Hotel Gesoria-Porta Ferrada<\/strong> dispone de estudios equipados (30 m<sup>2<\/sup>) y apartamentos (55 m<sup>2<\/sup>) recientemente remodelados, con terraza y de habitaciones todas exteriores con ba\u00f1o completo y vistas a monta\u00f1a o jard\u00edn.<\/p>\t\t\t\t\t\t\t\t<\/div>\n\t\t\t\t<div class=\"elementor-element elementor-element-6bdc2cb elementor-widget elementor-widget-gallery\" data-id=\"6bdc2cb\" data-element_type=\"widget\" data-e-type=\"widget\" data-settings=\"{&quot;gallery_layout&quot;:&quot;justified&quot;,&quot;ideal_row_height&quot;:{&quot;unit&quot;:&quot;px&quot;,&quot;size&quot;:270,&quot;sizes&quot;:[]},&quot;ideal_row_height_tablet&quot;:{&quot;unit&quot;:&quot;px&quot;,&quot;size&quot;:188,&quot;sizes&quot;:[]},&quot;ideal_row_height_mobile&quot;:{&quot;unit&quot;:&quot;px&quot;,&quot;size&quot;:160,&quot;sizes&quot;:[]},&quot;gap_tablet&quot;:{&quot;unit&quot;:&quot;px&quot;,&quot;size&quot;:8,&quot;sizes&quot;:[]},&quot;gap_mobile&quot;:{&quot;unit&quot;:&quot;px&quot;,&quot;size&quot;:4,&quot;sizes&quot;:[]},&quot;lazyload&quot;:&quot;yes&quot;,&quot;gap&quot;:{&quot;unit&quot;:&quot;px&quot;,&quot;size&quot;:10,&quot;sizes&quot;:[]},&quot;link_to&quot;:&quot;file&quot;,&quot;overlay_background&quot;:&quot;yes&quot;,&quot;content_hover_animation&quot;:&quot;fade-in&quot;}\" data-widget_type=\"gallery.default\">\n\t\t\t\t\t\t\t<div class=\"elementor-gallery__container\">\n\t\t\t\t\t\t\t<a class=\"e-gallery-item elementor-gallery-item elementor-animated-content\" href=\"https:\/\/www.gesoriaportaferrada.com\/wp-content\/uploads\/2025\/02\/Gesoria-Porta-Ferrada-Hotel-Sant-Feliu-de-Guixols-Galeria-de-Fotos-22-.jpg\" data-elementor-open-lightbox=\"yes\" data-elementor-lightbox-slideshow=\"6bdc2cb\" data-elementor-lightbox-title=\"Gesoria Porta Ferrada - Hotel - Sant Feliu de Gu\u00edxols - Galeria de Fotos\" data-e-action-hash=\"#elementor-action%3Aaction%3Dlightbox%26settings%3DeyJpZCI6NDEyNCwidXJsIjoiaHR0cHM6XC9cL3d3dy5nZXNvcmlhcG9ydGFmZXJyYWRhLmNvbVwvd3AtY29udGVudFwvdXBsb2Fkc1wvMjAyNVwvMDJcL0dlc29yaWEtUG9ydGEtRmVycmFkYS1Ib3RlbC1TYW50LUZlbGl1LWRlLUd1aXhvbHMtR2FsZXJpYS1kZS1Gb3Rvcy0yMi0uanBnIiwic2xpZGVzaG93IjoiNmJkYzJjYiJ9\">\n\t\t\t\t\t<div class=\"e-gallery-image elementor-gallery-item__image\" data-thumbnail=\"https:\/\/www.gesoriaportaferrada.com\/wp-content\/uploads\/2025\/02\/Gesoria-Porta-Ferrada-Hotel-Sant-Feliu-de-Guixols-Galeria-de-Fotos-22-.jpg\" data-width=\"1024\" data-height=\"680\" aria-label=\"\" role=\"img\" ><\/div>\n\t\t\t\t\t\t\t\t\t\t\t<div class=\"elementor-gallery-item__overlay\"><\/div>\n\t\t\t\t\t\t\t\t\t\t\t\t\t\t<\/a>\n\t\t\t\t\t\t\t<a class=\"e-gallery-item elementor-gallery-item elementor-animated-content\" href=\"https:\/\/www.gesoriaportaferrada.com\/wp-content\/uploads\/2025\/02\/Gesoria-Porta-Ferrada-Hotel-Sant-Feliu-de-Guixols-Galeria-de-Fotos-26-.jpg\" data-elementor-open-lightbox=\"yes\" data-elementor-lightbox-slideshow=\"6bdc2cb\" data-elementor-lightbox-title=\"Gesoria Porta Ferrada - Hotel - Sant Feliu de Gu\u00edxols - Galeria de Fotos\" data-e-action-hash=\"#elementor-action%3Aaction%3Dlightbox%26settings%3DeyJpZCI6NDEyOCwidXJsIjoiaHR0cHM6XC9cL3d3dy5nZXNvcmlhcG9ydGFmZXJyYWRhLmNvbVwvd3AtY29udGVudFwvdXBsb2Fkc1wvMjAyNVwvMDJcL0dlc29yaWEtUG9ydGEtRmVycmFkYS1Ib3RlbC1TYW50LUZlbGl1LWRlLUd1aXhvbHMtR2FsZXJpYS1kZS1Gb3Rvcy0yNi0uanBnIiwic2xpZGVzaG93IjoiNmJkYzJjYiJ9\">\n\t\t\t\t\t<div class=\"e-gallery-image elementor-gallery-item__image\" data-thumbnail=\"https:\/\/www.gesoriaportaferrada.com\/wp-content\/uploads\/2025\/02\/Gesoria-Porta-Ferrada-Hotel-Sant-Feliu-de-Guixols-Galeria-de-Fotos-26-.jpg\" data-width=\"1024\" data-height=\"680\" aria-label=\"\" role=\"img\" ><\/div>\n\t\t\t\t\t\t\t\t\t\t\t<div class=\"elementor-gallery-item__overlay\"><\/div>\n\t\t\t\t\t\t\t\t\t\t\t\t\t\t<\/a>\n\t\t\t\t\t\t\t<a class=\"e-gallery-item elementor-gallery-item elementor-animated-content\" href=\"https:\/\/www.gesoriaportaferrada.com\/wp-content\/uploads\/2025\/02\/Gesoria-Porta-Ferrada-Hotel-Sant-Feliu-de-Guixols-Galeria-de-Fotos-21-.jpg\" data-elementor-open-lightbox=\"yes\" data-elementor-lightbox-slideshow=\"6bdc2cb\" data-elementor-lightbox-title=\"Gesoria Porta Ferrada - Hotel - Sant Feliu de Gu\u00edxols - Galeria de Fotos\" data-e-action-hash=\"#elementor-action%3Aaction%3Dlightbox%26settings%3DeyJpZCI6NDEyMywidXJsIjoiaHR0cHM6XC9cL3d3dy5nZXNvcmlhcG9ydGFmZXJyYWRhLmNvbVwvd3AtY29udGVudFwvdXBsb2Fkc1wvMjAyNVwvMDJcL0dlc29yaWEtUG9ydGEtRmVycmFkYS1Ib3RlbC1TYW50LUZlbGl1LWRlLUd1aXhvbHMtR2FsZXJpYS1kZS1Gb3Rvcy0yMS0uanBnIiwic2xpZGVzaG93IjoiNmJkYzJjYiJ9\">\n\t\t\t\t\t<div class=\"e-gallery-image elementor-gallery-item__image\" data-thumbnail=\"https:\/\/www.gesoriaportaferrada.com\/wp-content\/uploads\/2025\/02\/Gesoria-Porta-Ferrada-Hotel-Sant-Feliu-de-Guixols-Galeria-de-Fotos-21-.jpg\" data-width=\"1024\" data-height=\"680\" aria-label=\"\" role=\"img\" ><\/div>\n\t\t\t\t\t\t\t\t\t\t\t<div class=\"elementor-gallery-item__overlay\"><\/div>\n\t\t\t\t\t\t\t\t\t\t\t\t\t\t<\/a>\n\t\t\t\t\t\t\t<a class=\"e-gallery-item elementor-gallery-item elementor-animated-content\" href=\"https:\/\/www.gesoriaportaferrada.com\/wp-content\/uploads\/2021\/07\/Gesoria-Porta-Ferrada-Hotel-Sant-Feliu-de-Guixols-Galeria-de-Fotos-04-.jpg\" data-elementor-open-lightbox=\"yes\" data-elementor-lightbox-slideshow=\"6bdc2cb\" data-elementor-lightbox-title=\"Gesoria Porta Ferrada - Hotel - Sant Feliu de Gu\u00edxols - Galeria de Fotos\" data-e-action-hash=\"#elementor-action%3Aaction%3Dlightbox%26settings%3DeyJpZCI6MzkyNCwidXJsIjoiaHR0cHM6XC9cL3d3dy5nZXNvcmlhcG9ydGFmZXJyYWRhLmNvbVwvd3AtY29udGVudFwvdXBsb2Fkc1wvMjAyMVwvMDdcL0dlc29yaWEtUG9ydGEtRmVycmFkYS1Ib3RlbC1TYW50LUZlbGl1LWRlLUd1aXhvbHMtR2FsZXJpYS1kZS1Gb3Rvcy0wNC0uanBnIiwic2xpZGVzaG93IjoiNmJkYzJjYiJ9\">\n\t\t\t\t\t<div class=\"e-gallery-image elementor-gallery-item__image\" data-thumbnail=\"https:\/\/www.gesoriaportaferrada.com\/wp-content\/uploads\/2021\/07\/Gesoria-Porta-Ferrada-Hotel-Sant-Feliu-de-Guixols-Galeria-de-Fotos-04-.jpg\" data-width=\"1024\" data-height=\"680\" aria-label=\"\" role=\"img\" ><\/div>\n\t\t\t\t\t\t\t\t\t\t\t<div class=\"elementor-gallery-item__overlay\"><\/div>\n\t\t\t\t\t\t\t\t\t\t\t\t\t\t<\/a>\n\t\t\t\t\t\t\t<a class=\"e-gallery-item elementor-gallery-item elementor-animated-content\" href=\"https:\/\/www.gesoriaportaferrada.com\/wp-content\/uploads\/2021\/07\/Gesoria-Porta-Ferrada-Hotel-Sant-Feliu-de-Guixols-Galeria-de-Fotos-01-.jpg\" data-elementor-open-lightbox=\"yes\" data-elementor-lightbox-slideshow=\"6bdc2cb\" data-elementor-lightbox-title=\"Gesoria Porta Ferrada - Hotel - Sant Feliu de Gu\u00edxols - Galeria de Fotos\" data-e-action-hash=\"#elementor-action%3Aaction%3Dlightbox%26settings%3DeyJpZCI6MzkyMSwidXJsIjoiaHR0cHM6XC9cL3d3dy5nZXNvcmlhcG9ydGFmZXJyYWRhLmNvbVwvd3AtY29udGVudFwvdXBsb2Fkc1wvMjAyMVwvMDdcL0dlc29yaWEtUG9ydGEtRmVycmFkYS1Ib3RlbC1TYW50LUZlbGl1LWRlLUd1aXhvbHMtR2FsZXJpYS1kZS1Gb3Rvcy0wMS0uanBnIiwic2xpZGVzaG93IjoiNmJkYzJjYiJ9\">\n\t\t\t\t\t<div class=\"e-gallery-image elementor-gallery-item__image\" data-thumbnail=\"https:\/\/www.gesoriaportaferrada.com\/wp-content\/uploads\/2021\/07\/Gesoria-Porta-Ferrada-Hotel-Sant-Feliu-de-Guixols-Galeria-de-Fotos-01-.jpg\" data-width=\"1024\" data-height=\"680\" aria-label=\"\" role=\"img\" ><\/div>\n\t\t\t\t\t\t\t\t\t\t\t<div class=\"elementor-gallery-item__overlay\"><\/div>\n\t\t\t\t\t\t\t\t\t\t\t\t\t\t<\/a>\n\t\t\t\t\t\t\t<a class=\"e-gallery-item elementor-gallery-item elementor-animated-content\" href=\"https:\/\/www.gesoriaportaferrada.com\/wp-content\/uploads\/2025\/02\/Gesoria-Porta-Ferrada-Hotel-Sant-Feliu-de-Guixols-Galeria-de-Fotos-19-.jpg\" data-elementor-open-lightbox=\"yes\" data-elementor-lightbox-slideshow=\"6bdc2cb\" data-elementor-lightbox-title=\"Gesoria Porta Ferrada - Hotel - Sant Feliu de Gu\u00edxols - Galeria de Fotos\" data-e-action-hash=\"#elementor-action%3Aaction%3Dlightbox%26settings%3DeyJpZCI6NDEyMSwidXJsIjoiaHR0cHM6XC9cL3d3dy5nZXNvcmlhcG9ydGFmZXJyYWRhLmNvbVwvd3AtY29udGVudFwvdXBsb2Fkc1wvMjAyNVwvMDJcL0dlc29yaWEtUG9ydGEtRmVycmFkYS1Ib3RlbC1TYW50LUZlbGl1LWRlLUd1aXhvbHMtR2FsZXJpYS1kZS1Gb3Rvcy0xOS0uanBnIiwic2xpZGVzaG93IjoiNmJkYzJjYiJ9\">\n\t\t\t\t\t<div class=\"e-gallery-image elementor-gallery-item__image\" data-thumbnail=\"https:\/\/www.gesoriaportaferrada.com\/wp-content\/uploads\/2025\/02\/Gesoria-Porta-Ferrada-Hotel-Sant-Feliu-de-Guixols-Galeria-de-Fotos-19-.jpg\" data-width=\"1024\" data-height=\"680\" aria-label=\"\" role=\"img\" ><\/div>\n\t\t\t\t\t\t\t\t\t\t\t<div class=\"elementor-gallery-item__overlay\"><\/div>\n\t\t\t\t\t\t\t\t\t\t\t\t\t\t<\/a>\n\t\t\t\t\t\t\t<a class=\"e-gallery-item elementor-gallery-item elementor-animated-content\" href=\"https:\/\/www.gesoriaportaferrada.com\/wp-content\/uploads\/2021\/07\/Gesoria-Porta-Ferrada-Hotel-Sant-Feliu-de-Guixols-Galeria-de-Fotos-07-.jpg\" data-elementor-open-lightbox=\"yes\" data-elementor-lightbox-slideshow=\"6bdc2cb\" data-elementor-lightbox-title=\"Gesoria Porta Ferrada - Hotel - Sant Feliu de Gu\u00edxols - Galeria de Fotos\" data-e-action-hash=\"#elementor-action%3Aaction%3Dlightbox%26settings%3DeyJpZCI6MzkyNywidXJsIjoiaHR0cHM6XC9cL3d3dy5nZXNvcmlhcG9ydGFmZXJyYWRhLmNvbVwvd3AtY29udGVudFwvdXBsb2Fkc1wvMjAyMVwvMDdcL0dlc29yaWEtUG9ydGEtRmVycmFkYS1Ib3RlbC1TYW50LUZlbGl1LWRlLUd1aXhvbHMtR2FsZXJpYS1kZS1Gb3Rvcy0wNy0uanBnIiwic2xpZGVzaG93IjoiNmJkYzJjYiJ9\">\n\t\t\t\t\t<div class=\"e-gallery-image elementor-gallery-item__image\" data-thumbnail=\"https:\/\/www.gesoriaportaferrada.com\/wp-content\/uploads\/2021\/07\/Gesoria-Porta-Ferrada-Hotel-Sant-Feliu-de-Guixols-Galeria-de-Fotos-07-.jpg\" data-width=\"1024\" data-height=\"680\" aria-label=\"\" role=\"img\" ><\/div>\n\t\t\t\t\t\t\t\t\t\t\t<div class=\"elementor-gallery-item__overlay\"><\/div>\n\t\t\t\t\t\t\t\t\t\t\t\t\t\t<\/a>\n\t\t\t\t\t\t\t<a class=\"e-gallery-item elementor-gallery-item elementor-animated-content\" href=\"https:\/\/www.gesoriaportaferrada.com\/wp-content\/uploads\/2025\/02\/Gesoria-Porta-Ferrada-Hotel-Sant-Feliu-de-Guixols-Galeria-de-Fotos-16-.jpg\" data-elementor-open-lightbox=\"yes\" data-elementor-lightbox-slideshow=\"6bdc2cb\" data-elementor-lightbox-title=\"Gesoria Porta Ferrada - Hotel - Sant Feliu de Gu\u00edxols - Galeria de Fotos\" data-e-action-hash=\"#elementor-action%3Aaction%3Dlightbox%26settings%3DeyJpZCI6NDExOSwidXJsIjoiaHR0cHM6XC9cL3d3dy5nZXNvcmlhcG9ydGFmZXJyYWRhLmNvbVwvd3AtY29udGVudFwvdXBsb2Fkc1wvMjAyNVwvMDJcL0dlc29yaWEtUG9ydGEtRmVycmFkYS1Ib3RlbC1TYW50LUZlbGl1LWRlLUd1aXhvbHMtR2FsZXJpYS1kZS1Gb3Rvcy0xNi0uanBnIiwic2xpZGVzaG93IjoiNmJkYzJjYiJ9\">\n\t\t\t\t\t<div class=\"e-gallery-image elementor-gallery-item__image\" data-thumbnail=\"https:\/\/www.gesoriaportaferrada.com\/wp-content\/uploads\/2025\/02\/Gesoria-Porta-Ferrada-Hotel-Sant-Feliu-de-Guixols-Galeria-de-Fotos-16-.jpg\" data-width=\"1024\" data-height=\"680\" aria-label=\"\" role=\"img\" ><\/div>\n\t\t\t\t\t\t\t\t\t\t\t<div class=\"elementor-gallery-item__overlay\"><\/div>\n\t\t\t\t\t\t\t\t\t\t\t\t\t\t<\/a>\n\t\t\t\t\t\t\t<a class=\"e-gallery-item elementor-gallery-item elementor-animated-content\" href=\"https:\/\/www.gesoriaportaferrada.com\/wp-content\/uploads\/2025\/02\/Gesoria-Porta-Ferrada-Hotel-Sant-Feliu-de-Guixols-Galeria-de-Fotos-17-.jpg\" data-elementor-open-lightbox=\"yes\" data-elementor-lightbox-slideshow=\"6bdc2cb\" data-elementor-lightbox-title=\"Gesoria Porta Ferrada - Hotel - Sant Feliu de Gu\u00edxols - Galeria de Fotos\" data-e-action-hash=\"#elementor-action%3Aaction%3Dlightbox%26settings%3DeyJpZCI6NDEyMCwidXJsIjoiaHR0cHM6XC9cL3d3dy5nZXNvcmlhcG9ydGFmZXJyYWRhLmNvbVwvd3AtY29udGVudFwvdXBsb2Fkc1wvMjAyNVwvMDJcL0dlc29yaWEtUG9ydGEtRmVycmFkYS1Ib3RlbC1TYW50LUZlbGl1LWRlLUd1aXhvbHMtR2FsZXJpYS1kZS1Gb3Rvcy0xNy0uanBnIiwic2xpZGVzaG93IjoiNmJkYzJjYiJ9\">\n\t\t\t\t\t<div class=\"e-gallery-image elementor-gallery-item__image\" data-thumbnail=\"https:\/\/www.gesoriaportaferrada.com\/wp-content\/uploads\/2025\/02\/Gesoria-Porta-Ferrada-Hotel-Sant-Feliu-de-Guixols-Galeria-de-Fotos-17-.jpg\" data-width=\"1024\" data-height=\"680\" aria-label=\"\" role=\"img\" ><\/div>\n\t\t\t\t\t\t\t\t\t\t\t<div class=\"elementor-gallery-item__overlay\"><\/div>\n\t\t\t\t\t\t\t\t\t\t\t\t\t\t<\/a>\n\t\t\t\t\t\t\t<a class=\"e-gallery-item elementor-gallery-item elementor-animated-content\" href=\"https:\/\/www.gesoriaportaferrada.com\/wp-content\/uploads\/2021\/07\/Gesoria-Porta-Ferrada-Hotel-Sant-Feliu-de-Guixols-Galeria-de-Fotos-06-.jpg\" data-elementor-open-lightbox=\"yes\" data-elementor-lightbox-slideshow=\"6bdc2cb\" data-elementor-lightbox-title=\"Gesoria Porta Ferrada - Hotel - Sant Feliu de Gu\u00edxols - Galeria de Fotos\" data-e-action-hash=\"#elementor-action%3Aaction%3Dlightbox%26settings%3DeyJpZCI6MzkyNiwidXJsIjoiaHR0cHM6XC9cL3d3dy5nZXNvcmlhcG9ydGFmZXJyYWRhLmNvbVwvd3AtY29udGVudFwvdXBsb2Fkc1wvMjAyMVwvMDdcL0dlc29yaWEtUG9ydGEtRmVycmFkYS1Ib3RlbC1TYW50LUZlbGl1LWRlLUd1aXhvbHMtR2FsZXJpYS1kZS1Gb3Rvcy0wNi0uanBnIiwic2xpZGVzaG93IjoiNmJkYzJjYiJ9\">\n\t\t\t\t\t<div class=\"e-gallery-image elementor-gallery-item__image\" data-thumbnail=\"https:\/\/www.gesoriaportaferrada.com\/wp-content\/uploads\/2021\/07\/Gesoria-Porta-Ferrada-Hotel-Sant-Feliu-de-Guixols-Galeria-de-Fotos-06-.jpg\" data-width=\"1024\" data-height=\"680\" aria-label=\"\" role=\"img\" ><\/div>\n\t\t\t\t\t\t\t\t\t\t\t<div class=\"elementor-gallery-item__overlay\"><\/div>\n\t\t\t\t\t\t\t\t\t\t\t\t\t\t<\/a>\n\t\t\t\t\t\t\t<a class=\"e-gallery-item elementor-gallery-item elementor-animated-content\" href=\"https:\/\/www.gesoriaportaferrada.com\/wp-content\/uploads\/2025\/02\/Gesoria-Porta-Ferrada-Hotel-Sant-Feliu-de-Guixols-Galeria-de-Fotos-25-.jpg\" data-elementor-open-lightbox=\"yes\" data-elementor-lightbox-slideshow=\"6bdc2cb\" data-elementor-lightbox-title=\"Gesoria Porta Ferrada - Hotel - Sant Feliu de Gu\u00edxols - Galeria de Fotos\" data-e-action-hash=\"#elementor-action%3Aaction%3Dlightbox%26settings%3DeyJpZCI6NDEyNywidXJsIjoiaHR0cHM6XC9cL3d3dy5nZXNvcmlhcG9ydGFmZXJyYWRhLmNvbVwvd3AtY29udGVudFwvdXBsb2Fkc1wvMjAyNVwvMDJcL0dlc29yaWEtUG9ydGEtRmVycmFkYS1Ib3RlbC1TYW50LUZlbGl1LWRlLUd1aXhvbHMtR2FsZXJpYS1kZS1Gb3Rvcy0yNS0uanBnIiwic2xpZGVzaG93IjoiNmJkYzJjYiJ9\">\n\t\t\t\t\t<div class=\"e-gallery-image elementor-gallery-item__image\" data-thumbnail=\"https:\/\/www.gesoriaportaferrada.com\/wp-content\/uploads\/2025\/02\/Gesoria-Porta-Ferrada-Hotel-Sant-Feliu-de-Guixols-Galeria-de-Fotos-25-.jpg\" data-width=\"1024\" data-height=\"680\" aria-label=\"\" role=\"img\" ><\/div>\n\t\t\t\t\t\t\t\t\t\t\t<div class=\"elementor-gallery-item__overlay\"><\/div>\n\t\t\t\t\t\t\t\t\t\t\t\t\t\t<\/a>\n\t\t\t\t\t\t\t<a class=\"e-gallery-item elementor-gallery-item elementor-animated-content\" href=\"https:\/\/www.gesoriaportaferrada.com\/wp-content\/uploads\/2025\/02\/Gesoria-Porta-Ferrada-Hotel-Sant-Feliu-de-Guixols-Galeria-de-Fotos-24-.jpg\" data-elementor-open-lightbox=\"yes\" data-elementor-lightbox-slideshow=\"6bdc2cb\" data-elementor-lightbox-title=\"Gesoria Porta Ferrada - Hotel - Sant Feliu de Gu\u00edxols - Galeria de Fotos\" data-e-action-hash=\"#elementor-action%3Aaction%3Dlightbox%26settings%3DeyJpZCI6NDEyNiwidXJsIjoiaHR0cHM6XC9cL3d3dy5nZXNvcmlhcG9ydGFmZXJyYWRhLmNvbVwvd3AtY29udGVudFwvdXBsb2Fkc1wvMjAyNVwvMDJcL0dlc29yaWEtUG9ydGEtRmVycmFkYS1Ib3RlbC1TYW50LUZlbGl1LWRlLUd1aXhvbHMtR2FsZXJpYS1kZS1Gb3Rvcy0yNC0uanBnIiwic2xpZGVzaG93IjoiNmJkYzJjYiJ9\">\n\t\t\t\t\t<div class=\"e-gallery-image elementor-gallery-item__image\" data-thumbnail=\"https:\/\/www.gesoriaportaferrada.com\/wp-content\/uploads\/2025\/02\/Gesoria-Porta-Ferrada-Hotel-Sant-Feliu-de-Guixols-Galeria-de-Fotos-24-.jpg\" data-width=\"1024\" data-height=\"680\" aria-label=\"\" role=\"img\" ><\/div>\n\t\t\t\t\t\t\t\t\t\t\t<div class=\"elementor-gallery-item__overlay\"><\/div>\n\t\t\t\t\t\t\t\t\t\t\t\t\t\t<\/a>\n\t\t\t\t\t\t\t<a class=\"e-gallery-item elementor-gallery-item elementor-animated-content\" href=\"https:\/\/www.gesoriaportaferrada.com\/wp-content\/uploads\/2021\/07\/Gesoria-Porta-Ferrada-Hotel-Sant-Feliu-de-Guixols-Galeria-de-Fotos-02-.jpg\" data-elementor-open-lightbox=\"yes\" data-elementor-lightbox-slideshow=\"6bdc2cb\" data-elementor-lightbox-title=\"Gesoria Porta Ferrada - Hotel - Sant Feliu de Gu\u00edxols - Galeria de Fotos\" data-e-action-hash=\"#elementor-action%3Aaction%3Dlightbox%26settings%3DeyJpZCI6MzkyMiwidXJsIjoiaHR0cHM6XC9cL3d3dy5nZXNvcmlhcG9ydGFmZXJyYWRhLmNvbVwvd3AtY29udGVudFwvdXBsb2Fkc1wvMjAyMVwvMDdcL0dlc29yaWEtUG9ydGEtRmVycmFkYS1Ib3RlbC1TYW50LUZlbGl1LWRlLUd1aXhvbHMtR2FsZXJpYS1kZS1Gb3Rvcy0wMi0uanBnIiwic2xpZGVzaG93IjoiNmJkYzJjYiJ9\">\n\t\t\t\t\t<div class=\"e-gallery-image elementor-gallery-item__image\" data-thumbnail=\"https:\/\/www.gesoriaportaferrada.com\/wp-content\/uploads\/2021\/07\/Gesoria-Porta-Ferrada-Hotel-Sant-Feliu-de-Guixols-Galeria-de-Fotos-02-.jpg\" data-width=\"1024\" data-height=\"680\" aria-label=\"\" role=\"img\" ><\/div>\n\t\t\t\t\t\t\t\t\t\t\t<div class=\"elementor-gallery-item__overlay\"><\/div>\n\t\t\t\t\t\t\t\t\t\t\t\t\t\t<\/a>\n\t\t\t\t\t\t\t<a class=\"e-gallery-item elementor-gallery-item elementor-animated-content\" href=\"https:\/\/www.gesoriaportaferrada.com\/wp-content\/uploads\/2025\/02\/Gesoria-Porta-Ferrada-Hotel-Sant-Feliu-de-Guixols-Galeria-de-Fotos-23-.jpg\" data-elementor-open-lightbox=\"yes\" data-elementor-lightbox-slideshow=\"6bdc2cb\" data-elementor-lightbox-title=\"Gesoria Porta Ferrada - Hotel - Sant Feliu de Gu\u00edxols - Galeria de Fotos\" data-e-action-hash=\"#elementor-action%3Aaction%3Dlightbox%26settings%3DeyJpZCI6NDEyNSwidXJsIjoiaHR0cHM6XC9cL3d3dy5nZXNvcmlhcG9ydGFmZXJyYWRhLmNvbVwvd3AtY29udGVudFwvdXBsb2Fkc1wvMjAyNVwvMDJcL0dlc29yaWEtUG9ydGEtRmVycmFkYS1Ib3RlbC1TYW50LUZlbGl1LWRlLUd1aXhvbHMtR2FsZXJpYS1kZS1Gb3Rvcy0yMy0uanBnIiwic2xpZGVzaG93IjoiNmJkYzJjYiJ9\">\n\t\t\t\t\t<div class=\"e-gallery-image elementor-gallery-item__image\" data-thumbnail=\"https:\/\/www.gesoriaportaferrada.com\/wp-content\/uploads\/2025\/02\/Gesoria-Porta-Ferrada-Hotel-Sant-Feliu-de-Guixols-Galeria-de-Fotos-23-.jpg\" data-width=\"1024\" data-height=\"680\" aria-label=\"\" role=\"img\" ><\/div>\n\t\t\t\t\t\t\t\t\t\t\t<div class=\"elementor-gallery-item__overlay\"><\/div>\n\t\t\t\t\t\t\t\t\t\t\t\t\t\t<\/a>\n\t\t\t\t\t\t\t<a class=\"e-gallery-item elementor-gallery-item elementor-animated-content\" href=\"https:\/\/www.gesoriaportaferrada.com\/wp-content\/uploads\/2021\/07\/Gesoria-Porta-Ferrada-Hotel-Sant-Feliu-de-Guixols-Galeria-de-Fotos-03-.jpg\" data-elementor-open-lightbox=\"yes\" data-elementor-lightbox-slideshow=\"6bdc2cb\" data-elementor-lightbox-title=\"Gesoria Porta Ferrada - Hotel - Sant Feliu de Gu\u00edxols - Galeria de Fotos\" data-e-action-hash=\"#elementor-action%3Aaction%3Dlightbox%26settings%3DeyJpZCI6MzkyMywidXJsIjoiaHR0cHM6XC9cL3d3dy5nZXNvcmlhcG9ydGFmZXJyYWRhLmNvbVwvd3AtY29udGVudFwvdXBsb2Fkc1wvMjAyMVwvMDdcL0dlc29yaWEtUG9ydGEtRmVycmFkYS1Ib3RlbC1TYW50LUZlbGl1LWRlLUd1aXhvbHMtR2FsZXJpYS1kZS1Gb3Rvcy0wMy0uanBnIiwic2xpZGVzaG93IjoiNmJkYzJjYiJ9\">\n\t\t\t\t\t<div class=\"e-gallery-image elementor-gallery-item__image\" data-thumbnail=\"https:\/\/www.gesoriaportaferrada.com\/wp-content\/uploads\/2021\/07\/Gesoria-Porta-Ferrada-Hotel-Sant-Feliu-de-Guixols-Galeria-de-Fotos-03-.jpg\" data-width=\"1024\" data-height=\"680\" aria-label=\"\" role=\"img\" ><\/div>\n\t\t\t\t\t\t\t\t\t\t\t<div class=\"elementor-gallery-item__overlay\"><\/div>\n\t\t\t\t\t\t\t\t\t\t\t\t\t\t<\/a>\n\t\t\t\t\t\t\t<a class=\"e-gallery-item elementor-gallery-item elementor-animated-content\" href=\"https:\/\/www.gesoriaportaferrada.com\/wp-content\/uploads\/2025\/02\/Gesoria-Porta-Ferrada-Hotel-Sant-Feliu-de-Guixols-Galeria-de-Fotos-20-.jpg\" data-elementor-open-lightbox=\"yes\" data-elementor-lightbox-slideshow=\"6bdc2cb\" data-elementor-lightbox-title=\"Gesoria Porta Ferrada - Hotel - Sant Feliu de Gu\u00edxols - Galeria de Fotos\" data-e-action-hash=\"#elementor-action%3Aaction%3Dlightbox%26settings%3DeyJpZCI6NDEyMiwidXJsIjoiaHR0cHM6XC9cL3d3dy5nZXNvcmlhcG9ydGFmZXJyYWRhLmNvbVwvd3AtY29udGVudFwvdXBsb2Fkc1wvMjAyNVwvMDJcL0dlc29yaWEtUG9ydGEtRmVycmFkYS1Ib3RlbC1TYW50LUZlbGl1LWRlLUd1aXhvbHMtR2FsZXJpYS1kZS1Gb3Rvcy0yMC0uanBnIiwic2xpZGVzaG93IjoiNmJkYzJjYiJ9\">\n\t\t\t\t\t<div class=\"e-gallery-image elementor-gallery-item__image\" data-thumbnail=\"https:\/\/www.gesoriaportaferrada.com\/wp-content\/uploads\/2025\/02\/Gesoria-Porta-Ferrada-Hotel-Sant-Feliu-de-Guixols-Galeria-de-Fotos-20-.jpg\" data-width=\"1024\" data-height=\"680\" aria-label=\"\" role=\"img\" ><\/div>\n\t\t\t\t\t\t\t\t\t\t\t<div class=\"elementor-gallery-item__overlay\"><\/div>\n\t\t\t\t\t\t\t\t\t\t\t\t\t\t<\/a>\n\t\t\t\t\t\t\t<a class=\"e-gallery-item elementor-gallery-item elementor-animated-content\" href=\"https:\/\/www.gesoriaportaferrada.com\/wp-content\/uploads\/2021\/07\/Gesoria-Porta-Ferrada-Hotel-Sant-Feliu-de-Guixols-Galeria-de-Fotos-05-.jpg\" data-elementor-open-lightbox=\"yes\" data-elementor-lightbox-slideshow=\"6bdc2cb\" data-elementor-lightbox-title=\"Gesoria Porta Ferrada - Hotel - Sant Feliu de Gu\u00edxols - Galeria de Fotos\" data-e-action-hash=\"#elementor-action%3Aaction%3Dlightbox%26settings%3DeyJpZCI6MzkyNSwidXJsIjoiaHR0cHM6XC9cL3d3dy5nZXNvcmlhcG9ydGFmZXJyYWRhLmNvbVwvd3AtY29udGVudFwvdXBsb2Fkc1wvMjAyMVwvMDdcL0dlc29yaWEtUG9ydGEtRmVycmFkYS1Ib3RlbC1TYW50LUZlbGl1LWRlLUd1aXhvbHMtR2FsZXJpYS1kZS1Gb3Rvcy0wNS0uanBnIiwic2xpZGVzaG93IjoiNmJkYzJjYiJ9\">\n\t\t\t\t\t<div class=\"e-gallery-image elementor-gallery-item__image\" data-thumbnail=\"https:\/\/www.gesoriaportaferrada.com\/wp-content\/uploads\/2021\/07\/Gesoria-Porta-Ferrada-Hotel-Sant-Feliu-de-Guixols-Galeria-de-Fotos-05-.jpg\" data-width=\"1024\" data-height=\"680\" aria-label=\"\" role=\"img\" ><\/div>\n\t\t\t\t\t\t\t\t\t\t\t<div class=\"elementor-gallery-item__overlay\"><\/div>\n\t\t\t\t\t\t\t\t\t\t\t\t\t\t<\/a>\n\t\t\t\t\t<\/div>\n\t\t\t\t\t<\/div>\n\t\t\t\t\t<\/div>\n\t\t<\/div>\n\t\t\t\t\t<\/div>\n\t\t<\/section>\n\t\t\t\t<\/div>","protected":false},"excerpt":{"rendered":"<p>Fotografies L\u2019Hotel Gesoria-Porta Ferrada disposa d\u2019estudis equipats (30 m2) i apartaments recentment remodelats (55 m2) amb terrassa i d\u2019habitacions totes exteriors amb bany complert i vistes a muntanya o jard\u00ed.<\/p>","protected":false},"author":7,"featured_media":3917,"parent":0,"menu_order":0,"comment_status":"closed","ping_status":"closed","template":"","meta":{"footnotes":""},"class_list":["post-13","page","type-page","status-publish","has-post-thumbnail","hentry"],"_links":{"self":[{"href":"https:\/\/www.gesoriaportaferrada.com\/es\/wp-json\/wp\/v2\/pages\/13","targetHints":{"allow":["GET"]}}],"collection":[{"href":"https:\/\/www.gesoriaportaferrada.com\/es\/wp-json\/wp\/v2\/pages"}],"about":[{"href":"https:\/\/www.gesoriaportaferrada.com\/es\/wp-json\/wp\/v2\/types\/page"}],"author":[{"embeddable":true,"href":"https:\/\/www.gesoriaportaferrada.com\/es\/wp-json\/wp\/v2\/users\/7"}],"replies":[{"embeddable":true,"href":"https:\/\/www.gesoriaportaferrada.com\/es\/wp-json\/wp\/v2\/comments?post=13"}],"version-history":[{"count":19,"href":"https:\/\/www.gesoriaportaferrada.com\/es\/wp-json\/wp\/v2\/pages\/13\/revisions"}],"predecessor-version":[{"id":4824,"href":"https:\/\/www.gesoriaportaferrada.com\/es\/wp-json\/wp\/v2\/pages\/13\/revisions\/4824"}],"wp:featuredmedia":[{"embeddable":true,"href":"https:\/\/www.gesoriaportaferrada.com\/es\/wp-json\/wp\/v2\/media\/3917"}],"wp:attachment":[{"href":"https:\/\/www.gesoriaportaferrada.com\/es\/wp-json\/wp\/v2\/media?parent=13"}],"curies":[{"name":"wp","href":"https:\/\/api.w.org\/{rel}","templated":true}]}}