{"id":3537,"date":"2021-06-22T18:21:42","date_gmt":"2021-06-22T16:21:42","guid":{"rendered":"https:\/\/www.gesoriaportaferrada.com\/?page_id=3537"},"modified":"2026-04-14T09:54:38","modified_gmt":"2026-04-14T07:54:38","slug":"reserves","status":"publish","type":"page","link":"https:\/\/www.gesoriaportaferrada.com\/fr\/reserves\/","title":{"rendered":"R\u00e9servation"},"content":{"rendered":"\t\t<div data-elementor-type=\"wp-page\" data-elementor-id=\"3537\" class=\"elementor elementor-3537\" data-elementor-post-type=\"page\">\n\t\t\t\t<div class=\"elementor-element elementor-element-46ea859 e-con-full e-flex e-con e-parent\" data-id=\"46ea859\" data-element_type=\"container\" data-e-type=\"container\" data-settings=\"{&quot;background_background&quot;:&quot;classic&quot;}\">\n\t\t\t\t<div class=\"elementor-element elementor-element-c6dfa11 elementor-widget elementor-widget-heading\" data-id=\"c6dfa11\" data-element_type=\"widget\" data-e-type=\"widget\" data-widget_type=\"heading.default\">\n\t\t\t\t\t<h1 class=\"elementor-heading-title elementor-size-default\">Reserves<\/h1>\t\t\t\t<\/div>\n\t\t\t\t<\/div>\n\t\t<div class=\"elementor-element elementor-element-91686cc e-flex e-con-boxed e-con e-parent\" data-id=\"91686cc\" data-element_type=\"container\" data-e-type=\"container\">\n\t\t\t\t\t<div class=\"e-con-inner\">\n\t\t\t\t<div class=\"elementor-element elementor-element-7de6a9d elementor-widget elementor-widget-heading\" data-id=\"7de6a9d\" data-element_type=\"widget\" data-e-type=\"widget\" data-widget_type=\"heading.default\">\n\t\t\t\t\t<h2 class=\"elementor-heading-title elementor-size-default\">Reservi la seva habitaci\u00f3, estudi o apartament a Ges\u00f2ria Porta Ferrada<\/h2>\t\t\t\t<\/div>\n\t\t\t\t<div class=\"elementor-element elementor-element-70746df elementor-widget elementor-widget-text-editor\" data-id=\"70746df\" data-element_type=\"widget\" data-e-type=\"widget\" data-widget_type=\"text-editor.default\">\n\t\t\t\t\t\t\t\t\t<p>Nom\u00e9s cal que ompli el seg\u00fcent formulari i ens posarem en contacte amb vost\u00e8 en la major brevetat possible. Sense intermediaris i amb total garantia.<\/p>\t\t\t\t\t\t\t\t<\/div>\n\t\t\t\t<div class=\"elementor-element elementor-element-d5cbeb0 elementor-widget elementor-widget-heading\" data-id=\"d5cbeb0\" data-element_type=\"widget\" data-e-type=\"widget\" data-widget_type=\"heading.default\">\n\t\t\t\t\t<h3 class=\"elementor-heading-title elementor-size-default\">Aquesta solicitud no \u00e9s una confirmaci\u00f3 de reserva sin\u00f3 una petici\u00f3 de disponibilitat<\/h3>\t\t\t\t<\/div>\n\t\t\t\t\t<\/div>\n\t\t\t\t<\/div>\n\t\t\t\t<section class=\"elementor-section elementor-top-section elementor-element elementor-element-338bf26b elementor-section-boxed elementor-section-height-default elementor-section-height-default\" data-id=\"338bf26b\" data-element_type=\"section\" data-e-type=\"section\">\n\t\t\t\t\t\t<div class=\"elementor-container elementor-column-gap-default\">\n\t\t\t\t\t<div class=\"elementor-column elementor-col-100 elementor-top-column elementor-element elementor-element-51fb5ad6\" data-id=\"51fb5ad6\" data-element_type=\"column\" data-e-type=\"column\" data-settings=\"{&quot;background_background&quot;:&quot;classic&quot;}\">\n\t\t\t<div class=\"elementor-widget-wrap elementor-element-populated\">\n\t\t\t\t\t\t<div class=\"elementor-element elementor-element-64d82623 elementor-button-align-center elementor-widget elementor-widget-form\" data-id=\"64d82623\" data-element_type=\"widget\" data-e-type=\"widget\" data-settings=\"{&quot;step_next_label&quot;:&quot;Siguiente&quot;,&quot;step_previous_label&quot;:&quot;Anterior&quot;,&quot;button_width&quot;:&quot;100&quot;,&quot;step_type&quot;:&quot;number_text&quot;,&quot;step_icon_shape&quot;:&quot;circle&quot;}\" data-widget_type=\"form.default\">\n\t\t\t\t\t\t\t<form class=\"elementor-form\" method=\"post\" name=\"Reserves\" aria-label=\"Reserves\">\n\t\t\t<input type=\"hidden\" name=\"post_id\" value=\"3537\"\/>\n\t\t\t<input type=\"hidden\" name=\"form_id\" value=\"64d82623\"\/>\n\t\t\t<input type=\"hidden\" name=\"referer_title\" value=\"Reserves\" \/>\n\n\t\t\t\t\t\t\t<input type=\"hidden\" name=\"queried_id\" value=\"3537\"\/>\n\t\t\t\n\t\t\t<div class=\"elementor-form-fields-wrapper elementor-labels-above\">\n\t\t\t\t\t\t\t\t<div class=\"elementor-field-type-text elementor-field-group elementor-column elementor-field-group-nom elementor-col-66 elementor-field-required\">\n\t\t\t\t\t\t\t\t\t\t\t\t<label for=\"form-field-nom\" class=\"elementor-field-label\">\n\t\t\t\t\t\t\t\tNom i cognoms\t\t\t\t\t\t\t<\/label>\n\t\t\t\t\t\t\t\t\t\t\t\t\t\t<input size=\"1\" type=\"text\" name=\"form_fields[nom]\" id=\"form-field-nom\" class=\"elementor-field elementor-size-sm  elementor-field-textual\" required=\"required\">\n\t\t\t\t\t\t\t\t\t\t\t<\/div>\n\t\t\t\t\t\t\t\t<div class=\"elementor-field-type-tel elementor-field-group elementor-column elementor-field-group-tel elementor-col-33 elementor-field-required\">\n\t\t\t\t\t\t\t\t\t\t\t\t<label for=\"form-field-tel\" class=\"elementor-field-label\">\n\t\t\t\t\t\t\t\tTel\u00e8fon\t\t\t\t\t\t\t<\/label>\n\t\t\t\t\t\t\t\t<input size=\"1\" type=\"tel\" name=\"form_fields[tel]\" id=\"form-field-tel\" class=\"elementor-field elementor-size-sm  elementor-field-textual\" required=\"required\" pattern=\"[0-9()#&amp;+*-=.]+\" title=\"Only numbers and phone characters (#, -, *, etc) are accepted.\">\n\n\t\t\t\t\t\t<\/div>\n\t\t\t\t\t\t\t\t<div class=\"elementor-field-type-email elementor-field-group elementor-column elementor-field-group-email elementor-col-60 elementor-field-required\">\n\t\t\t\t\t\t\t\t\t\t\t\t<label for=\"form-field-email\" class=\"elementor-field-label\">\n\t\t\t\t\t\t\t\tCorreu electr\u00f2nic\t\t\t\t\t\t\t<\/label>\n\t\t\t\t\t\t\t\t\t\t\t\t\t\t<input size=\"1\" type=\"email\" name=\"form_fields[email]\" id=\"form-field-email\" class=\"elementor-field elementor-size-sm  elementor-field-textual\" required=\"required\">\n\t\t\t\t\t\t\t\t\t\t\t<\/div>\n\t\t\t\t\t\t\t\t<div class=\"elementor-field-type-date elementor-field-group elementor-column elementor-field-group-entrada elementor-col-20 elementor-md-50 elementor-sm-50 elementor-field-required\">\n\t\t\t\t\t\t\t\t\t\t\t\t<label for=\"form-field-entrada\" class=\"elementor-field-label\">\n\t\t\t\t\t\t\t\tData Entrada\t\t\t\t\t\t\t<\/label>\n\t\t\t\t\t\t\n\t\t<input type=\"date\" name=\"form_fields[entrada]\" id=\"form-field-entrada\" class=\"elementor-field elementor-size-sm  elementor-field-textual elementor-date-field\" required=\"required\" pattern=\"[0-9]{4}-[0-9]{2}-[0-9]{2}\">\n\t\t\t\t\t\t<\/div>\n\t\t\t\t\t\t\t\t<div class=\"elementor-field-type-date elementor-field-group elementor-column elementor-field-group-sortida elementor-col-20 elementor-md-50 elementor-sm-50 elementor-field-required\">\n\t\t\t\t\t\t\t\t\t\t\t\t<label for=\"form-field-sortida\" class=\"elementor-field-label\">\n\t\t\t\t\t\t\t\tData Sortida\t\t\t\t\t\t\t<\/label>\n\t\t\t\t\t\t\n\t\t<input type=\"date\" name=\"form_fields[sortida]\" id=\"form-field-sortida\" class=\"elementor-field elementor-size-sm  elementor-field-textual elementor-date-field\" required=\"required\" pattern=\"[0-9]{4}-[0-9]{2}-[0-9]{2}\">\n\t\t\t\t\t\t<\/div>\n\t\t\t\t\t\t\t\t<div class=\"elementor-field-type-html elementor-field-group elementor-column elementor-field-group-field_7f765c2 elementor-col-100\">\n\t\t\t\t\tTotes les habitacions s\u00f3n exteriors i tenen bany complet.<br> A continuaci\u00f3 podeu triar entre les diferents opcions disponibles:\t\t\t\t<\/div>\n\t\t\t\t\t\t\t\t<div class=\"elementor-field-type-radio elementor-field-group elementor-column elementor-field-group-opcions elementor-col-100 elementor-field-required\">\n\t\t\t\t\t\t\t\t\t\t\t\t<label for=\"form-field-opcions\" class=\"elementor-field-label\">\n\t\t\t\t\t\t\t\tOpcions de reserva\t\t\t\t\t\t\t<\/label>\n\t\t\t\t\t\t<div class=\"elementor-field-subgroup  \"><span class=\"elementor-field-option\"><input type=\"radio\" value=\"Habitaci\u00f3 Econ\u00f2mica amb ventilador (1 persona)\" id=\"form-field-opcions-0\" name=\"form_fields[opcions]\" required=\"required\"> <label for=\"form-field-opcions-0\">Habitaci\u00f3 Econ\u00f2mica amb ventilador (1 persona)<\/label><\/span><span class=\"elementor-field-option\"><input type=\"radio\" value=\"Habitaci\u00f3 Econ\u00f2mica amb ventilador (2 persones)\" id=\"form-field-opcions-1\" name=\"form_fields[opcions]\" required=\"required\"> <label for=\"form-field-opcions-1\">Habitaci\u00f3 Econ\u00f2mica amb ventilador (2 persones)<\/label><\/span><span class=\"elementor-field-option\"><input type=\"radio\" value=\"Habitaci\u00f3 Comfort amb aire condicionat (1 persona)\" id=\"form-field-opcions-2\" name=\"form_fields[opcions]\" required=\"required\"> <label for=\"form-field-opcions-2\">Habitaci\u00f3 Comfort amb aire condicionat (1 persona)<\/label><\/span><span class=\"elementor-field-option\"><input type=\"radio\" value=\"Habitaci\u00f3 Comfort amb aire condicionat (2 persones)\" id=\"form-field-opcions-3\" name=\"form_fields[opcions]\" required=\"required\"> <label for=\"form-field-opcions-3\">Habitaci\u00f3 Comfort amb aire condicionat (2 persones)<\/label><\/span><span class=\"elementor-field-option\"><input type=\"radio\" value=\"Habitaci\u00f3 Superior amb aire condicionat i llit extra gran (2 persones)\" id=\"form-field-opcions-4\" name=\"form_fields[opcions]\" required=\"required\"> <label for=\"form-field-opcions-4\">Habitaci\u00f3 Superior amb aire condicionat i llit extra gran (2 persones)<\/label><\/span><span class=\"elementor-field-option\"><input type=\"radio\" value=\"Habitaci\u00f3 Superior amb aire condicionat i llit extra gran (3 persones)\" id=\"form-field-opcions-5\" name=\"form_fields[opcions]\" required=\"required\"> <label for=\"form-field-opcions-5\">Habitaci\u00f3 Superior amb aire condicionat i llit extra gran (3 persones)<\/label><\/span><span class=\"elementor-field-option\"><input type=\"radio\" value=\"Estudi amb cuina, terrassa i aire condicionat  (2 persones)\" id=\"form-field-opcions-6\" name=\"form_fields[opcions]\" required=\"required\"> <label for=\"form-field-opcions-6\">Estudi amb cuina, terrassa i aire condicionat  (2 persones)<\/label><\/span><span class=\"elementor-field-option\"><input type=\"radio\" value=\"Apartament amb 1 estar, 1 habitaci\u00f3, cuina i terrassa. Aire condicionat i llit extra gran (2 persones)\" id=\"form-field-opcions-7\" name=\"form_fields[opcions]\" required=\"required\"> <label for=\"form-field-opcions-7\">Apartament amb 1 estar, 1 habitaci\u00f3, cuina i terrassa. Aire condicionat i llit extra gran (2 persones)<\/label><\/span><span class=\"elementor-field-option\"><input type=\"radio\" value=\"Apartament amb 1 estar, 1 habitaci\u00f3, cuina i terrassa. Aire condicionat i llit extra gran (3 persones)\" id=\"form-field-opcions-8\" name=\"form_fields[opcions]\" required=\"required\"> <label for=\"form-field-opcions-8\">Apartament amb 1 estar, 1 habitaci\u00f3, cuina i terrassa. Aire condicionat i llit extra gran (3 persones)<\/label><\/span><span class=\"elementor-field-option\"><input type=\"radio\" value=\"Apartament amb 1 estar, 1 habitaci\u00f3, cuina i terrassa. Aire condicionat i llit extra gran (4 persones)\" id=\"form-field-opcions-9\" name=\"form_fields[opcions]\" required=\"required\"> <label for=\"form-field-opcions-9\">Apartament amb 1 estar, 1 habitaci\u00f3, cuina i terrassa. Aire condicionat i llit extra gran (4 persones)<\/label><\/span><span class=\"elementor-field-option\"><input type=\"radio\" value=\"Apartament amb 1 estar, 1 habitaci\u00f3, cuina i terrassa. Aire condicionat i llit extra gran (5 persones)\" id=\"form-field-opcions-10\" name=\"form_fields[opcions]\" required=\"required\"> <label for=\"form-field-opcions-10\">Apartament amb 1 estar, 1 habitaci\u00f3, cuina i terrassa. Aire condicionat i llit extra gran (5 persones)<\/label><\/span><\/div>\t\t\t\t<\/div>\n\t\t\t\t\t\t\t\t<div class=\"elementor-field-type-textarea elementor-field-group elementor-column elementor-field-group-comentari elementor-col-100\">\n\t\t\t\t\t\t\t\t\t\t\t\t<label for=\"form-field-comentari\" class=\"elementor-field-label\">\n\t\t\t\t\t\t\t\tComentaris\t\t\t\t\t\t\t<\/label>\n\t\t\t\t\t\t<textarea class=\"elementor-field-textual elementor-field  elementor-size-sm\" name=\"form_fields[comentari]\" id=\"form-field-comentari\" rows=\"3\"><\/textarea>\t\t\t\t<\/div>\n\t\t\t\t\t\t\t\t<div class=\"elementor-field-type-acceptance elementor-field-group elementor-column elementor-field-group-accepto elementor-col-100 elementor-field-required\">\n\t\t\t\t\t\t\t<div class=\"elementor-field-subgroup\">\n\t\t\t<span class=\"elementor-field-option\">\n\t\t\t\t<input type=\"checkbox\" name=\"form_fields[accepto]\" id=\"form-field-accepto\" class=\"elementor-field elementor-size-sm  elementor-acceptance-field\" required=\"required\">\n\t\t\t\t<label for=\"form-field-accepto\">He llegit i accepto els termes i condicions de <a href=https:\/\/www.gesoriaportaferrada.com\/politica-de-privacitat\/ target='_blank'><em>protecci\u00f3 de dades i pol\u00edtica de privacitat.<\/em><\/a><\/label>\t\t\t<\/span>\n\t\t<\/div>\n\t\t\t\t\t\t<\/div>\n\t\t\t\t\t\t\t\t<div class=\"elementor-field-type-acceptance elementor-field-group elementor-column elementor-field-group-autoritzo elementor-col-100 elementor-field-required\">\n\t\t\t\t\t\t\t<div class=\"elementor-field-subgroup\">\n\t\t\t<span class=\"elementor-field-option\">\n\t\t\t\t<input type=\"checkbox\" name=\"form_fields[autoritzo]\" id=\"form-field-autoritzo\" class=\"elementor-field elementor-size-sm  elementor-acceptance-field\" required=\"required\">\n\t\t\t\t<label for=\"form-field-autoritzo\">Autoritzo el tractament de les meves dades per poder rebre informaci\u00f3 per mitjans electr\u00f2nics.<\/label>\t\t\t<\/span>\n\t\t<\/div>\n\t\t\t\t\t\t<\/div>\n\t\t\t\t\t\t\t\t<div class=\"elementor-field-group elementor-column elementor-field-type-submit elementor-col-100 e-form__buttons\">\n\t\t\t\t\t<button class=\"elementor-button elementor-size-sm\" type=\"submit\">\n\t\t\t\t\t\t<span class=\"elementor-button-content-wrapper\">\n\t\t\t\t\t\t\t\t\t\t\t\t\t\t\t\t\t\t\t\t\t\t<span class=\"elementor-button-text\">Enviar<\/span>\n\t\t\t\t\t\t\t\t\t\t\t\t\t<\/span>\n\t\t\t\t\t<\/button>\n\t\t\t\t<\/div>\n\t\t\t<\/div>\n\t\t<\/form>\n\t\t\t\t\t\t<\/div>\n\t\t\t\t<div class=\"elementor-element elementor-element-2e03b820 elementor-widget elementor-widget-toggle\" data-id=\"2e03b820\" data-element_type=\"widget\" data-e-type=\"widget\" data-widget_type=\"toggle.default\">\n\t\t\t\t\t\t\t<div class=\"elementor-toggle\">\n\t\t\t\t\t\t\t<div class=\"elementor-toggle-item\">\n\t\t\t\t\t<div id=\"elementor-tab-title-7711\" class=\"elementor-tab-title\" data-tab=\"1\" role=\"button\" aria-controls=\"elementor-tab-content-7711\" aria-expanded=\"false\">\n\t\t\t\t\t\t\t\t\t\t\t\t<span class=\"elementor-toggle-icon elementor-toggle-icon-left\" aria-hidden=\"true\">\n\t\t\t\t\t\t\t\t\t\t\t\t\t\t\t<span class=\"elementor-toggle-icon-closed\"><svg class=\"e-font-icon-svg e-fas-angle-down\" viewBox=\"0 0 320 512\" xmlns=\"http:\/\/www.w3.org\/2000\/svg\"><path d=\"M143 352.3L7 216.3c-9.4-9.4-9.4-24.6 0-33.9l22.6-22.6c9.4-9.4 24.6-9.4 33.9 0l96.4 96.4 96.4-96.4c9.4-9.4 24.6-9.4 33.9 0l22.6 22.6c9.4 9.4 9.4 24.6 0 33.9l-136 136c-9.2 9.4-24.4 9.4-33.8 0z\"><\/path><\/svg><\/span>\n\t\t\t\t\t\t\t\t<span class=\"elementor-toggle-icon-opened\"><svg class=\"elementor-toggle-icon-opened e-font-icon-svg e-fas-angle-up\" viewBox=\"0 0 320 512\" xmlns=\"http:\/\/www.w3.org\/2000\/svg\"><path d=\"M177 159.7l136 136c9.4 9.4 9.4 24.6 0 33.9l-22.6 22.6c-9.4 9.4-24.6 9.4-33.9 0L160 255.9l-96.4 96.4c-9.4 9.4-24.6 9.4-33.9 0L7 329.7c-9.4-9.4-9.4-24.6 0-33.9l136-136c9.4-9.5 24.6-9.5 34-.1z\"><\/path><\/svg><\/span>\n\t\t\t\t\t\t\t\t\t\t\t\t\t<\/span>\n\t\t\t\t\t\t\t\t\t\t\t\t<a class=\"elementor-toggle-title\" tabindex=\"0\">Informaci\u00f3 b\u00e0sica sobre el tractament de dades - Reglament (UE) 2016\/679<\/a>\n\t\t\t\t\t<\/div>\n\n\t\t\t\t\t<div id=\"elementor-tab-content-7711\" class=\"elementor-tab-content elementor-clearfix\" data-tab=\"1\" role=\"region\" aria-labelledby=\"elementor-tab-title-7711\"><p style=\"text-align: justify;\"><strong>Girbau SFG C.B.<\/strong> informa que les dades de car\u00e0cter personal que ens proporcionis omplint aquest formulari seran tractades per nosaltres com a responsable \u00faltima d&#8217;aquesta web | La finalitat de la recollida i tractament de les dades personals que et sol\u00b7licitem \u00e9s enviar-te les nostres publicacions, promocions de productes i\/o serveis i recursos exclusius | En marcar la casella d&#8217;acceptaci\u00f3, est\u00e0s donant el teu leg\u00edtim consentiment perqu\u00e8 les teves dades siguin tractades conforme a les finalitats d&#8217;aquest formulari descrites en la <strong><a href=\"https:\/\/www.gesoriaportaferrada.com\/politica-de-privacitat\/\" target=\"_blank\" rel=\"noopener\">pol\u00edtica de privacitat<\/a><\/strong> | Com a usuari i interessat t&#8217;informem que les dades que ens facilites seran guardades als servidors d\u2019<strong>Estudi 33<\/strong> (administrador del servidor d&#8217;allotjament web), garantint l&#8217;empresa uns nivells de seguretat adequats (<a href=\"https:\/\/www.estudi33.net\/politica-de-privacitat\/\" target=\"_blank\" rel=\"noopener\"><strong>veure pol\u00edtica de privacitat d\u2019Estudi 33<\/strong><\/a>) | Podr\u00e0s exercir els teus drets d&#8217;acc\u00e9s, rectificaci\u00f3, limitaci\u00f3 i suprimir les dades a <a href=\"mailto:info@gesoriaportaferrada.com\"><strong>info@gesoriaportaferrada.com<\/strong><\/a>. Pots consultar la informaci\u00f3 addicional i detallada sobre Protecci\u00f3 de Dades a la nostra <strong><a href=\"https:\/\/www.gesoriaportaferrada.com\/politica-de-privacitat\/\" target=\"_blank\" rel=\"noopener\">pol\u00edtica de privacitat<\/a><\/strong>.<\/p><\/div>\n\t\t\t\t<\/div>\n\t\t\t\t\t\t\t\t<\/div>\n\t\t\t\t\t\t<\/div>\n\t\t\t\t\t<\/div>\n\t\t<\/div>\n\t\t\t\t\t<\/div>\n\t\t<\/section>\n\t\t\t\t<section class=\"elementor-section elementor-top-section elementor-element elementor-element-4924516 elementor-section-boxed elementor-section-height-default elementor-section-height-default\" data-id=\"4924516\" data-element_type=\"section\" data-e-type=\"section\">\n\t\t\t\t\t\t<div class=\"elementor-container elementor-column-gap-no\">\n\t\t\t\t\t<div class=\"elementor-column elementor-col-100 elementor-top-column elementor-element elementor-element-084fa20\" data-id=\"084fa20\" data-element_type=\"column\" data-e-type=\"column\">\n\t\t\t<div class=\"elementor-widget-wrap elementor-element-populated\">\n\t\t\t\t\t\t<div class=\"elementor-element elementor-element-207081b elementor-widget elementor-widget-flex-hero\" data-id=\"207081b\" data-element_type=\"widget\" data-e-type=\"widget\" data-settings=\"{&quot;layout_preset&quot;:&quot;storytelling&quot;,&quot;primary_button_shape&quot;:&quot;default&quot;,&quot;image_shape&quot;:&quot;sharp&quot;,&quot;box_shape&quot;:&quot;sharp&quot;}\" data-widget_type=\"flex-hero.default\">\n\t\t\t\t<div class=\"elementor-widget-container\">\n\t\t\t\t\t\t\t<div class=\"has-shape-sharp shape-type-box ehp-flex-hero has-layout-preset-storytelling\">\n\t\t\t\t\t\t<div class=\"ehp-flex-hero__overlay\"><\/div>\n\t\t\t<div class=\"ehp-flex-hero__content-container\">\n\t\t\t\t<h2 class=\"ehp-flex-hero__heading\">Descomptes especials per llargues estades<\/h2>\t\t\t<div class=\"ehp-flex-hero__ctas-container\">\n\t\t\t\t\t\t\t\t\t\t\t<\/div>\n\t\t\t\t\t<\/div>\n\t\t\t\t<div class=\"ehp-flex-hero__image-wrapper\">\n\t\t\t\t\t<div class=\"ehp-image ehp-flex-hero__image-container\">\n\t\t\t\t<img decoding=\"async\" class=\"ehp-image__img ehp-flex-hero__img has-shape-sharp shape-type-image\" src=\"https:\/\/www.gesoriaportaferrada.com\/wp-content\/uploads\/2025\/02\/Gesoria-Porta-Ferrada-Hotel-Sant-Feliu-de-Guixols-Galeria-de-Fotos-26-.jpg\" title=\"Gesoria Porta Ferrada &#8211; Hotel &#8211; Sant Feliu de Gu\u00edxols &#8211; Galeria de Fotos\" alt=\"Gesoria Porta Ferrada - Hotel - Sant Feliu de Gu\u00edxols - Galeria de Fotos\" loading=\"lazy\" \/>\t\t\t<\/div>\n\t\t\t\t\t<\/div>\n\t\t\t\t<\/div>\n\t\t\t\t\t\t<\/div>\n\t\t\t\t<\/div>\n\t\t\t\t<div class=\"elementor-element elementor-element-ad6550c elementor-widget elementor-widget-heading\" data-id=\"ad6550c\" data-element_type=\"widget\" data-e-type=\"widget\" data-widget_type=\"heading.default\">\n\t\t\t\t\t<h2 class=\"elementor-heading-title elementor-size-default\">Per informaci\u00f3 de preus contactar amb:<\/h2>\t\t\t\t<\/div>\n\t\t\t\t<div class=\"elementor-element elementor-element-545e602 elementor-align-center elementor-icon-list--layout-traditional elementor-list-item-link-full_width elementor-widget elementor-widget-icon-list\" data-id=\"545e602\" data-element_type=\"widget\" data-e-type=\"widget\" data-widget_type=\"icon-list.default\">\n\t\t\t\t\t\t\t<ul class=\"elementor-icon-list-items\">\n\t\t\t\t\t\t\t<li class=\"elementor-icon-list-item\">\n\t\t\t\t\t\t\t\t\t\t\t<a href=\"mailto:info@gesoriaportaferrada.com\" target=\"_blank\">\n\n\t\t\t\t\t\t\t\t\t\t\t\t<span class=\"elementor-icon-list-icon\">\n\t\t\t\t\t\t\t<svg aria-hidden=\"true\" class=\"e-font-icon-svg e-fas-envelope\" viewBox=\"0 0 512 512\" xmlns=\"http:\/\/www.w3.org\/2000\/svg\"><path d=\"M502.3 190.8c3.9-3.1 9.7-.2 9.7 4.7V400c0 26.5-21.5 48-48 48H48c-26.5 0-48-21.5-48-48V195.6c0-5 5.7-7.8 9.7-4.7 22.4 17.4 52.1 39.5 154.1 113.6 21.1 15.4 56.7 47.8 92.2 47.6 35.7.3 72-32.8 92.3-47.6 102-74.1 131.6-96.3 154-113.7zM256 320c23.2.4 56.6-29.2 73.4-41.4 132.7-96.3 142.8-104.7 173.4-128.7 5.8-4.5 9.2-11.5 9.2-18.9v-19c0-26.5-21.5-48-48-48H48C21.5 64 0 85.5 0 112v19c0 7.4 3.4 14.3 9.2 18.9 30.6 23.9 40.7 32.4 173.4 128.7 16.8 12.2 50.2 41.8 73.4 41.4z\"><\/path><\/svg>\t\t\t\t\t\t<\/span>\n\t\t\t\t\t\t\t\t\t\t<span class=\"elementor-icon-list-text\">info@gesoriaportaferrada.com<\/span>\n\t\t\t\t\t\t\t\t\t\t\t<\/a>\n\t\t\t\t\t\t\t\t\t<\/li>\n\t\t\t\t\t\t<\/ul>\n\t\t\t\t\t\t<\/div>\n\t\t\t\t<div class=\"elementor-element elementor-element-3f38586 elementor-icon-list--layout-inline elementor-align-center elementor-list-item-link-full_width elementor-widget elementor-widget-icon-list\" data-id=\"3f38586\" data-element_type=\"widget\" data-e-type=\"widget\" data-widget_type=\"icon-list.default\">\n\t\t\t\t\t\t\t<ul class=\"elementor-icon-list-items elementor-inline-items\">\n\t\t\t\t\t\t\t<li class=\"elementor-icon-list-item elementor-inline-item\">\n\t\t\t\t\t\t\t\t\t\t\t<a href=\"tel:+34972327281\" target=\"_blank\">\n\n\t\t\t\t\t\t\t\t\t\t\t\t<span class=\"elementor-icon-list-icon\">\n\t\t\t\t\t\t\t<svg aria-hidden=\"true\" class=\"e-font-icon-svg e-fas-phone-alt\" viewBox=\"0 0 512 512\" xmlns=\"http:\/\/www.w3.org\/2000\/svg\"><path d=\"M497.39 361.8l-112-48a24 24 0 0 0-28 6.9l-49.6 60.6A370.66 370.66 0 0 1 130.6 204.11l60.6-49.6a23.94 23.94 0 0 0 6.9-28l-48-112A24.16 24.16 0 0 0 122.6.61l-104 24A24 24 0 0 0 0 48c0 256.5 207.9 464 464 464a24 24 0 0 0 23.4-18.6l24-104a24.29 24.29 0 0 0-14.01-27.6z\"><\/path><\/svg>\t\t\t\t\t\t<\/span>\n\t\t\t\t\t\t\t\t\t\t<span class=\"elementor-icon-list-text\">0034 972327281<\/span>\n\t\t\t\t\t\t\t\t\t\t\t<\/a>\n\t\t\t\t\t\t\t\t\t<\/li>\n\t\t\t\t\t\t\t\t<li class=\"elementor-icon-list-item elementor-inline-item\">\n\t\t\t\t\t\t\t\t\t\t\t<a href=\"tel:+3497822146\" target=\"_blank\">\n\n\t\t\t\t\t\t\t\t\t\t\t\t<span class=\"elementor-icon-list-icon\">\n\t\t\t\t\t\t\t<svg aria-hidden=\"true\" class=\"e-font-icon-svg e-fas-phone-alt\" viewBox=\"0 0 512 512\" xmlns=\"http:\/\/www.w3.org\/2000\/svg\"><path d=\"M497.39 361.8l-112-48a24 24 0 0 0-28 6.9l-49.6 60.6A370.66 370.66 0 0 1 130.6 204.11l60.6-49.6a23.94 23.94 0 0 0 6.9-28l-48-112A24.16 24.16 0 0 0 122.6.61l-104 24A24 24 0 0 0 0 48c0 256.5 207.9 464 464 464a24 24 0 0 0 23.4-18.6l24-104a24.29 24.29 0 0 0-14.01-27.6z\"><\/path><\/svg>\t\t\t\t\t\t<\/span>\n\t\t\t\t\t\t\t\t\t\t<span class=\"elementor-icon-list-text\">0034 972822146<\/span>\n\t\t\t\t\t\t\t\t\t\t\t<\/a>\n\t\t\t\t\t\t\t\t\t<\/li>\n\t\t\t\t\t\t\t\t<li class=\"elementor-icon-list-item elementor-inline-item\">\n\t\t\t\t\t\t\t\t\t\t\t<a href=\"tel:+34934182536\" target=\"_blank\">\n\n\t\t\t\t\t\t\t\t\t\t\t\t<span class=\"elementor-icon-list-icon\">\n\t\t\t\t\t\t\t<svg aria-hidden=\"true\" class=\"e-font-icon-svg e-fas-phone-alt\" viewBox=\"0 0 512 512\" xmlns=\"http:\/\/www.w3.org\/2000\/svg\"><path d=\"M497.39 361.8l-112-48a24 24 0 0 0-28 6.9l-49.6 60.6A370.66 370.66 0 0 1 130.6 204.11l60.6-49.6a23.94 23.94 0 0 0 6.9-28l-48-112A24.16 24.16 0 0 0 122.6.61l-104 24A24 24 0 0 0 0 48c0 256.5 207.9 464 464 464a24 24 0 0 0 23.4-18.6l24-104a24.29 24.29 0 0 0-14.01-27.6z\"><\/path><\/svg>\t\t\t\t\t\t<\/span>\n\t\t\t\t\t\t\t\t\t\t<span class=\"elementor-icon-list-text\">0034 934182536<\/span>\n\t\t\t\t\t\t\t\t\t\t\t<\/a>\n\t\t\t\t\t\t\t\t\t<\/li>\n\t\t\t\t\t\t<\/ul>\n\t\t\t\t\t\t<\/div>\n\t\t\t\t\t<\/div>\n\t\t<\/div>\n\t\t\t\t\t<\/div>\n\t\t<\/section>\n\t\t\t\t<\/div>\n\t\t","protected":false},"excerpt":{"rendered":"<p>Reserves Reservi la seva habitaci\u00f3, estudi o apartament a Ges\u00f2ria Porta Ferrada Nom\u00e9s cal que ompli el seg\u00fcent formulari i ens posarem en contacte amb vost\u00e8 en la major brevetat possible. Sense intermediaris i amb total garantia. Aquesta solicitud no \u00e9s una confirmaci\u00f3 de reserva sin\u00f3 una petici\u00f3 de disponibilitat Informaci\u00f3 b\u00e0sica sobre el tractament [&hellip;]<\/p>\n","protected":false},"author":7,"featured_media":2182,"parent":0,"menu_order":0,"comment_status":"closed","ping_status":"closed","template":"","meta":{"footnotes":""},"class_list":["post-3537","page","type-page","status-publish","has-post-thumbnail","hentry"],"_links":{"self":[{"href":"https:\/\/www.gesoriaportaferrada.com\/fr\/wp-json\/wp\/v2\/pages\/3537","targetHints":{"allow":["GET"]}}],"collection":[{"href":"https:\/\/www.gesoriaportaferrada.com\/fr\/wp-json\/wp\/v2\/pages"}],"about":[{"href":"https:\/\/www.gesoriaportaferrada.com\/fr\/wp-json\/wp\/v2\/types\/page"}],"author":[{"embeddable":true,"href":"https:\/\/www.gesoriaportaferrada.com\/fr\/wp-json\/wp\/v2\/users\/7"}],"replies":[{"embeddable":true,"href":"https:\/\/www.gesoriaportaferrada.com\/fr\/wp-json\/wp\/v2\/comments?post=3537"}],"version-history":[{"count":133,"href":"https:\/\/www.gesoriaportaferrada.com\/fr\/wp-json\/wp\/v2\/pages\/3537\/revisions"}],"predecessor-version":[{"id":4915,"href":"https:\/\/www.gesoriaportaferrada.com\/fr\/wp-json\/wp\/v2\/pages\/3537\/revisions\/4915"}],"wp:featuredmedia":[{"embeddable":true,"href":"https:\/\/www.gesoriaportaferrada.com\/fr\/wp-json\/wp\/v2\/media\/2182"}],"wp:attachment":[{"href":"https:\/\/www.gesoriaportaferrada.com\/fr\/wp-json\/wp\/v2\/media?parent=3537"}],"curies":[{"name":"wp","href":"https:\/\/api.w.org\/{rel}","templated":true}]}}