{"id":3622,"date":"2026-03-25T19:44:05","date_gmt":"2026-03-25T18:44:05","guid":{"rendered":"https:\/\/www.gesoriaportaferrada.com\/?page_id=3622"},"modified":"2026-03-28T19:07:48","modified_gmt":"2026-03-28T18:07:48","slug":"activitats-esportives","status":"publish","type":"page","link":"https:\/\/www.gesoriaportaferrada.com\/fr\/activitats-esportives\/","title":{"rendered":"Activitats esportives"},"content":{"rendered":"<div data-elementor-type=\"wp-page\" data-elementor-id=\"3622\" class=\"elementor elementor-3622\" data-elementor-post-type=\"page\">\n\t\t\t\t<div class=\"elementor-element elementor-element-5b1708d e-con-full e-flex e-con e-parent\" data-id=\"5b1708d\" data-element_type=\"container\" data-e-type=\"container\" data-settings=\"{&quot;background_background&quot;:&quot;classic&quot;}\">\n\t\t\t\t<div class=\"elementor-element elementor-element-0bffd20 elementor-widget elementor-widget-heading\" data-id=\"0bffd20\" data-element_type=\"widget\" data-e-type=\"widget\" data-widget_type=\"heading.default\">\n\t\t\t\t\t<h1 class=\"elementor-heading-title elementor-size-default\">Activitats Esportives<\/h1>\t\t\t\t<\/div>\n\t\t\t\t<\/div>\n\t\t<div class=\"elementor-element elementor-element-11cab7ce e-flex e-con-boxed e-con e-parent\" data-id=\"11cab7ce\" data-element_type=\"container\" data-e-type=\"container\">\n\t\t\t\t\t<div class=\"e-con-inner\">\n\t\t\t\t<div class=\"elementor-element elementor-element-6c309ba5 elementor-widget elementor-widget-text-editor\" data-id=\"6c309ba5\" data-element_type=\"widget\" data-e-type=\"widget\" data-widget_type=\"text-editor.default\">\n\t\t\t\t\t\t\t\t\t<p style=\"text-align: justify;\">L&#8217;<strong>hotel Ges\u00f2ria Porta Ferrada<\/strong> esta molt ben situat en relaci\u00f3 a la distancia tant al mateix centre del poble, com de la platja (a 200 metres), tant com d&#8217;instal\u00b7lacions relacionades amb diferents esports.<\/p><p style=\"text-align: justify;\">El client amant de la mar podr\u00e0 realitzar tota classe d&#8217;activitats aqu\u00e0tiques, submarinisme, vela, kaiak, wind-surf, etc.<\/p><p style=\"text-align: justify;\">Tamb\u00e9 els aficionats al gimn\u00e0s, al tennis, al squash, al paddle o al futbol i al basket. O fins i tot, pels amants de la nataci\u00f3 i pels mesos fora d&#8217;estiu, estem a nom\u00e9s 200 metres de la piscina coberta \u201cLa Corxera\u201d.<\/p><p style=\"text-align: justify;\">El client podr\u00e0 gaudir de qualsevol equipaci\u00f3 o instal\u00b7laci\u00f3 en un radi d&#8217;uns 300 metres al voltant del nostre hotel.<\/p><p style=\"text-align: justify;\">Tamb\u00e9 per el client amant dels camps de golf pot trobar en un radi de 30 quil\u00f2metres al voltant de l&#8217;Hotel 5 camps de golf: <strong>Golf d&#8217;Aro Mas Nou<\/strong> (7 Km), <strong>Golf Costa Brava<\/strong> (5 km), P.G.A. <strong>Golf Catalunya<\/strong> (23 km), <strong>Golf Platja de Pals<\/strong> (30 Km), <strong>Empord\u00e0 Golf<\/strong> (27 km).<\/p><p style=\"text-align: justify;\">Aixi mateix la nostra situaci\u00f3 es especialment id\u00f2nia pels amants de la bicicleta i del senderisme en particular, ja que tenim al voltant molt diverses rutes per poder gaudir, com la GRII. Entre aquestes tamb\u00e9 es troba l&#8217;anomenada \u201c<strong>ruta del carrilet<\/strong>\u201d, com un dels importants carril bici, per\u00f2 que tamb\u00e9 es pot fer a peu, i que forma part de les conegudes Vies Verdes, i del que el nostre hotel en forma part.<\/p><p style=\"text-align: justify;\">El client podr\u00e0 reservar o demanar tota classe d&#8217;informaci\u00f3 des del nostre establiment en refer\u00e8ncia a totes aquestes activitats.<\/p>\t\t\t\t\t\t\t\t<\/div>\n\t\t\t\t<div class=\"elementor-element elementor-element-a4dae1a elementor-widget elementor-widget-image\" data-id=\"a4dae1a\" data-element_type=\"widget\" data-e-type=\"widget\" data-widget_type=\"image.default\">\n\t\t\t\t\t\t\t\t\t\t\t\t\t\t\t<img fetchpriority=\"high\" decoding=\"async\" width=\"700\" height=\"243\" src=\"https:\/\/www.gesoriaportaferrada.com\/wp-content\/uploads\/2014\/07\/Activitats-esportives.jpg\" class=\"attachment-full size-full wp-image-1087\" alt=\"\" srcset=\"https:\/\/www.gesoriaportaferrada.com\/wp-content\/uploads\/2014\/07\/Activitats-esportives.jpg 700w, https:\/\/www.gesoriaportaferrada.com\/wp-content\/uploads\/2014\/07\/Activitats-esportives-300x104.jpg 300w\" sizes=\"(max-width: 700px) 100vw, 700px\" \/>\t\t\t\t\t\t\t\t\t\t\t\t\t\t\t<\/div>\n\t\t\t\t\t<\/div>\n\t\t\t\t<\/div>\n\t\t\t\t<\/div>","protected":false},"excerpt":{"rendered":"<p>Activitats Esportives L&#8217;hotel Ges\u00f2ria Porta Ferrada esta molt ben situat en relaci\u00f3 a la distancia tant al mateix centre del poble, com de la platja (a 200 metres), tant com d&#8217;instal\u00b7lacions relacionades amb diferents esports. El client amant de la mar podr\u00e0 realitzar tota classe d&#8217;activitats aqu\u00e0tiques, submarinisme, vela, kaiak, wind-surf, etc. Tamb\u00e9 els aficionats [&hellip;]<\/p>\n","protected":false},"author":7,"featured_media":2491,"parent":0,"menu_order":0,"comment_status":"closed","ping_status":"closed","template":"","meta":{"footnotes":""},"class_list":["post-3622","page","type-page","status-publish","has-post-thumbnail","hentry"],"_links":{"self":[{"href":"https:\/\/www.gesoriaportaferrada.com\/fr\/wp-json\/wp\/v2\/pages\/3622","targetHints":{"allow":["GET"]}}],"collection":[{"href":"https:\/\/www.gesoriaportaferrada.com\/fr\/wp-json\/wp\/v2\/pages"}],"about":[{"href":"https:\/\/www.gesoriaportaferrada.com\/fr\/wp-json\/wp\/v2\/types\/page"}],"author":[{"embeddable":true,"href":"https:\/\/www.gesoriaportaferrada.com\/fr\/wp-json\/wp\/v2\/users\/7"}],"replies":[{"embeddable":true,"href":"https:\/\/www.gesoriaportaferrada.com\/fr\/wp-json\/wp\/v2\/comments?post=3622"}],"version-history":[{"count":19,"href":"https:\/\/www.gesoriaportaferrada.com\/fr\/wp-json\/wp\/v2\/pages\/3622\/revisions"}],"predecessor-version":[{"id":4890,"href":"https:\/\/www.gesoriaportaferrada.com\/fr\/wp-json\/wp\/v2\/pages\/3622\/revisions\/4890"}],"wp:featuredmedia":[{"embeddable":true,"href":"https:\/\/www.gesoriaportaferrada.com\/fr\/wp-json\/wp\/v2\/media\/2491"}],"wp:attachment":[{"href":"https:\/\/www.gesoriaportaferrada.com\/fr\/wp-json\/wp\/v2\/media?parent=3622"}],"curies":[{"name":"wp","href":"https:\/\/api.w.org\/{rel}","templated":true}]}}